{"id":425,"date":"2024-03-07T22:02:09","date_gmt":"2024-03-07T20:02:09","guid":{"rendered":"https:\/\/stalla.ee\/pood\/?page_id=425"},"modified":"2024-03-08T00:54:05","modified_gmt":"2024-03-07T22:54:05","slug":"privaatsuspoliitika","status":"publish","type":"page","link":"https:\/\/stalla.ee\/pood\/privaatsuspoliitika\/","title":{"rendered":"Privaatsuspoliitika"},"content":{"rendered":"\t\t<div data-elementor-type=\"wp-page\" data-elementor-id=\"425\" class=\"elementor elementor-425\" data-elementor-post-type=\"page\">\n\t\t\t\t<div class=\"elementor-element elementor-element-af71be3 e-flex e-con-boxed e-con e-parent\" data-id=\"af71be3\" data-element_type=\"container\">\n\t\t\t\t\t<div class=\"e-con-inner\">\n\t\t\t\t<div class=\"elementor-element elementor-element-b07735d color-scheme-inherit text-left elementor-widget elementor-widget-text-editor\" data-id=\"b07735d\" data-element_type=\"widget\" data-widget_type=\"text-editor.default\">\n\t\t\t\t<div class=\"elementor-widget-container\">\n\t\t\t\t\t\t\t\t\t<p><strong>Viimati uuendatud: 8.03.2024<\/strong><\/p><p>See privaatsuspoliitika selgitab, kuidas Stalla O\u00dc (edaspidi &#8220;meie&#8221;, &#8220;meid&#8221; v\u00f5i &#8220;me&#8221;) kogub, kasutab ja jagab teavet k\u00fclastajate ja kasutajate (edaspidi &#8220;teie&#8221; v\u00f5i &#8220;kasutaja&#8221;) kohta meie veebisaidil stalla.ee (edaspidi &#8220;Veebisait&#8221;).<\/p><p><strong>1. Millist teavet me kogume<\/strong><\/p><p>Kasutades Veebisaiti, v\u00f5ime koguda j\u00e4rgmist liiki teavet:<\/p><ul><li><strong>Isikuandmed<\/strong>: nimi, e-posti aadress, postiaadress, telefoninumber ja muud andmed, mida esitate meile konto loomisel v\u00f5i ostu sooritamisel.<\/li><li><strong>Logiandmed<\/strong>: Teie veebilehitseja t\u00fc\u00fcp, IP-aadress, standardne juurdep\u00e4\u00e4sulogi teave, lehek\u00fclje vaatamise ajad ja kuup\u00e4evad, samuti lehek\u00fclgede vahel navigeerimise marsruudid.<\/li><li><strong>Anal\u00fc\u00fctilised andmed<\/strong>: Kasutame Google Analyticsit, et m\u00f5ista, kuidas kasutajad meie Veebisaiti kasutavad.<\/li><\/ul><p><strong>2. Kuidas me teie andmeid kasutame<\/strong><\/p><p>Teie poolt esitatud isikuandmeid v\u00f5idakse kasutada j\u00e4rgmistel eesm\u00e4rkidel:<\/p><ul><li>Tooteid ja teenuseid pakkuda ja hallata.<\/li><li>Turunduskommunikatsiooni saata, eeldusel, et olete andnud n\u00f5usoleku selliste teadete saamiseks.<\/li><li>Veebisaidi ja teenuste parandamiseks anal\u00fc\u00fctika ja kasutajate tagasiside p\u00f5hjal.<\/li><\/ul><p><strong>3. Kolmandate osapoolte teave<\/strong><\/p><ul><li><strong>Montonio Maksete Kasutamine<\/strong>: Teie maksete t\u00f6\u00f6tlemiseks kasutame Montonio makselahendusi. Montonio t\u00f6\u00f6tleb maksete sooritamiseks vajalikke isikuandmeid vastavalt oma privaatsuspoliitikale.<\/li><li><strong>Zone.ee Server<\/strong>: Meie veebisaiti majutatakse Zone.ee serverites. Zone.ee v\u00f5ib koguda teavet, nagu IP-aadressid ja logifailid, veebisaidi kasutamise ja turvalisuse eesm\u00e4rgil.<\/li><\/ul><p><strong>4. Kuidas me teie andmeid jagame<\/strong><\/p><ul><li><strong>Teenusepakkujad<\/strong>: Jagame teavet teenusepakkujatega, kes toetavad meie \u00e4ritegevust, sealhulgas Montonio makselahendused ja Zone.ee serverimajutus.<\/li><\/ul><p><strong>5. Teie \u00f5igused<\/strong><\/p><p>Teil on \u00f5igus oma isikuandmetele juurde p\u00e4\u00e4seda, neid parandada v\u00f5i kustutada. Samuti on teil \u00f5igus piirata oma isikuandmete t\u00f6\u00f6tlemist ja esitada vastuv\u00e4iteid.<\/p><p><strong>6. K\u00fcpsiste kasutamine<\/strong><\/p><p>Meie Veebisait kasutab k\u00fcpsiseid, et parandada kasutajakogemust.<\/p><p><strong>7. Muudatused privaatsuspoliitikas<\/strong><\/p><p>Me v\u00f5ime seda privaatsuspoliitikat aeg-ajalt uuendada.<\/p><p><strong>8. V\u00f5tke meiega \u00fchendust<\/strong><\/p><p>Kui teil on k\u00fcsimusi v\u00f5i muresid seoses meie privaatsuspoliitikaga, palun v\u00f5tke \u00fchendust meiega aadressil <a target=\"_new\">stalla@stalla.ee<\/a>.<\/p><p><strong>Stalla O\u00dc<\/strong><\/p>\t\t\t\t\t\t\t\t<\/div>\n\t\t\t\t<\/div>\n\t\t\t\t\t<\/div>\n\t\t\t\t<\/div>\n\t\t\t\t<\/div>\n\t\t","protected":false},"excerpt":{"rendered":"<p>Viimati uuendatud: 8.03.2024 See privaatsuspoliitika selgitab, kuidas Stalla O\u00dc (edaspidi &#8220;meie&#8221;, &#8220;meid&#8221; v\u00f5i &#8220;me&#8221;) kogub, kasutab ja jagab teavet k\u00fclastajate<\/p>\n","protected":false},"author":1,"featured_media":0,"parent":0,"menu_order":0,"comment_status":"closed","ping_status":"closed","template":"","meta":{"footnotes":""},"class_list":["post-425","page","type-page","status-publish","hentry","_wholesalex wsx-wholesalex-product"],"yoast_head":"<!-- This site is optimized with the Yoast SEO plugin v24.5 - https:\/\/yoast.com\/wordpress\/plugins\/seo\/ -->\n<title>Privaatsuspoliitika | Stalla e-pood<\/title>\n<meta name=\"robots\" content=\"index, follow, max-snippet:-1, max-image-preview:large, max-video-preview:-1\" \/>\n<link rel=\"canonical\" href=\"https:\/\/stalla.ee\/pood\/privaatsuspoliitika\/\" \/>\n<meta property=\"og:locale\" content=\"et_EE\" \/>\n<meta property=\"og:type\" content=\"article\" \/>\n<meta property=\"og:title\" content=\"Privaatsuspoliitika | Stalla e-pood\" \/>\n<meta property=\"og:description\" content=\"Viimati uuendatud: 8.03.2024 See privaatsuspoliitika selgitab, kuidas Stalla O\u00dc (edaspidi &#8220;meie&#8221;, &#8220;meid&#8221; v\u00f5i &#8220;me&#8221;) kogub, kasutab ja jagab teavet k\u00fclastajate\" \/>\n<meta property=\"og:url\" content=\"https:\/\/stalla.ee\/pood\/privaatsuspoliitika\/\" \/>\n<meta property=\"og:site_name\" content=\"Stalla e-pood\" \/>\n<meta property=\"article:publisher\" content=\"https:\/\/www.facebook.com\/stalla.eesti\" \/>\n<meta property=\"article:modified_time\" content=\"2024-03-07T22:54:05+00:00\" \/>\n<meta property=\"og:image\" content=\"https:\/\/stalla.ee\/pood\/wp-content\/uploads\/2024\/03\/stalla-25-of-168-scaled-1.jpg\" \/>\n\t<meta property=\"og:image:width\" content=\"2560\" \/>\n\t<meta property=\"og:image:height\" content=\"1707\" \/>\n\t<meta property=\"og:image:type\" content=\"image\/jpeg\" \/>\n<meta name=\"twitter:card\" content=\"summary_large_image\" \/>\n<meta name=\"twitter:label1\" content=\"Est. reading time\" \/>\n\t<meta name=\"twitter:data1\" content=\"1 minut\" \/>\n<script type=\"application\/ld+json\" class=\"yoast-schema-graph\">{\"@context\":\"https:\/\/schema.org\",\"@graph\":[{\"@type\":\"WebPage\",\"@id\":\"https:\/\/stalla.ee\/pood\/privaatsuspoliitika\/\",\"url\":\"https:\/\/stalla.ee\/pood\/privaatsuspoliitika\/\",\"name\":\"Privaatsuspoliitika | Stalla e-pood\",\"isPartOf\":{\"@id\":\"https:\/\/stalla.ee\/pood\/#website\"},\"datePublished\":\"2024-03-07T20:02:09+00:00\",\"dateModified\":\"2024-03-07T22:54:05+00:00\",\"breadcrumb\":{\"@id\":\"https:\/\/stalla.ee\/pood\/privaatsuspoliitika\/#breadcrumb\"},\"inLanguage\":\"et\",\"potentialAction\":[{\"@type\":\"ReadAction\",\"target\":[\"https:\/\/stalla.ee\/pood\/privaatsuspoliitika\/\"]}]},{\"@type\":\"BreadcrumbList\",\"@id\":\"https:\/\/stalla.ee\/pood\/privaatsuspoliitika\/#breadcrumb\",\"itemListElement\":[{\"@type\":\"ListItem\",\"position\":1,\"name\":\"Esileht\",\"item\":\"https:\/\/stalla.ee\/pood\/\"},{\"@type\":\"ListItem\",\"position\":2,\"name\":\"Privaatsuspoliitika\"}]},{\"@type\":\"WebSite\",\"@id\":\"https:\/\/stalla.ee\/pood\/#website\",\"url\":\"https:\/\/stalla.ee\/pood\/\",\"name\":\"Stalla e-pood\",\"description\":\"Pinnat\u00f6\u00f6tlus, salongi ja v\u00e4lihooldustarvikud\",\"publisher\":{\"@id\":\"https:\/\/stalla.ee\/pood\/#organization\"},\"potentialAction\":[{\"@type\":\"SearchAction\",\"target\":{\"@type\":\"EntryPoint\",\"urlTemplate\":\"https:\/\/stalla.ee\/pood\/?s={search_term_string}\"},\"query-input\":{\"@type\":\"PropertyValueSpecification\",\"valueRequired\":true,\"valueName\":\"search_term_string\"}}],\"inLanguage\":\"et\"},{\"@type\":\"Organization\",\"@id\":\"https:\/\/stalla.ee\/pood\/#organization\",\"name\":\"Stalla O\u00dc\",\"url\":\"https:\/\/stalla.ee\/pood\/\",\"logo\":{\"@type\":\"ImageObject\",\"inLanguage\":\"et\",\"@id\":\"https:\/\/stalla.ee\/pood\/#\/schema\/logo\/image\/\",\"url\":\"https:\/\/stalla.ee\/pood\/wp-content\/uploads\/2024\/03\/Stalla_logo_ikoon_must.png\",\"contentUrl\":\"https:\/\/stalla.ee\/pood\/wp-content\/uploads\/2024\/03\/Stalla_logo_ikoon_must.png\",\"width\":1200,\"height\":1092,\"caption\":\"Stalla O\u00dc\"},\"image\":{\"@id\":\"https:\/\/stalla.ee\/pood\/#\/schema\/logo\/image\/\"},\"sameAs\":[\"https:\/\/www.facebook.com\/stalla.eesti\"]}]}<\/script>\n<!-- \/ Yoast SEO plugin. -->","yoast_head_json":{"title":"Privaatsuspoliitika | Stalla e-pood","robots":{"index":"index","follow":"follow","max-snippet":"max-snippet:-1","max-image-preview":"max-image-preview:large","max-video-preview":"max-video-preview:-1"},"canonical":"https:\/\/stalla.ee\/pood\/privaatsuspoliitika\/","og_locale":"et_EE","og_type":"article","og_title":"Privaatsuspoliitika | Stalla e-pood","og_description":"Viimati uuendatud: 8.03.2024 See privaatsuspoliitika selgitab, kuidas Stalla O\u00dc (edaspidi &#8220;meie&#8221;, &#8220;meid&#8221; v\u00f5i &#8220;me&#8221;) kogub, kasutab ja jagab teavet k\u00fclastajate","og_url":"https:\/\/stalla.ee\/pood\/privaatsuspoliitika\/","og_site_name":"Stalla e-pood","article_publisher":"https:\/\/www.facebook.com\/stalla.eesti","article_modified_time":"2024-03-07T22:54:05+00:00","og_image":[{"width":2560,"height":1707,"url":"https:\/\/stalla.ee\/pood\/wp-content\/uploads\/2024\/03\/stalla-25-of-168-scaled-1.jpg","type":"image\/jpeg"}],"twitter_card":"summary_large_image","twitter_misc":{"Est. reading time":"1 minut"},"schema":{"@context":"https:\/\/schema.org","@graph":[{"@type":"WebPage","@id":"https:\/\/stalla.ee\/pood\/privaatsuspoliitika\/","url":"https:\/\/stalla.ee\/pood\/privaatsuspoliitika\/","name":"Privaatsuspoliitika | Stalla e-pood","isPartOf":{"@id":"https:\/\/stalla.ee\/pood\/#website"},"datePublished":"2024-03-07T20:02:09+00:00","dateModified":"2024-03-07T22:54:05+00:00","breadcrumb":{"@id":"https:\/\/stalla.ee\/pood\/privaatsuspoliitika\/#breadcrumb"},"inLanguage":"et","potentialAction":[{"@type":"ReadAction","target":["https:\/\/stalla.ee\/pood\/privaatsuspoliitika\/"]}]},{"@type":"BreadcrumbList","@id":"https:\/\/stalla.ee\/pood\/privaatsuspoliitika\/#breadcrumb","itemListElement":[{"@type":"ListItem","position":1,"name":"Esileht","item":"https:\/\/stalla.ee\/pood\/"},{"@type":"ListItem","position":2,"name":"Privaatsuspoliitika"}]},{"@type":"WebSite","@id":"https:\/\/stalla.ee\/pood\/#website","url":"https:\/\/stalla.ee\/pood\/","name":"Stalla e-pood","description":"Pinnat\u00f6\u00f6tlus, salongi ja v\u00e4lihooldustarvikud","publisher":{"@id":"https:\/\/stalla.ee\/pood\/#organization"},"potentialAction":[{"@type":"SearchAction","target":{"@type":"EntryPoint","urlTemplate":"https:\/\/stalla.ee\/pood\/?s={search_term_string}"},"query-input":{"@type":"PropertyValueSpecification","valueRequired":true,"valueName":"search_term_string"}}],"inLanguage":"et"},{"@type":"Organization","@id":"https:\/\/stalla.ee\/pood\/#organization","name":"Stalla O\u00dc","url":"https:\/\/stalla.ee\/pood\/","logo":{"@type":"ImageObject","inLanguage":"et","@id":"https:\/\/stalla.ee\/pood\/#\/schema\/logo\/image\/","url":"https:\/\/stalla.ee\/pood\/wp-content\/uploads\/2024\/03\/Stalla_logo_ikoon_must.png","contentUrl":"https:\/\/stalla.ee\/pood\/wp-content\/uploads\/2024\/03\/Stalla_logo_ikoon_must.png","width":1200,"height":1092,"caption":"Stalla O\u00dc"},"image":{"@id":"https:\/\/stalla.ee\/pood\/#\/schema\/logo\/image\/"},"sameAs":["https:\/\/www.facebook.com\/stalla.eesti"]}]}},"_links":{"self":[{"href":"https:\/\/stalla.ee\/pood\/wp-json\/wp\/v2\/pages\/425","targetHints":{"allow":["GET"]}}],"collection":[{"href":"https:\/\/stalla.ee\/pood\/wp-json\/wp\/v2\/pages"}],"about":[{"href":"https:\/\/stalla.ee\/pood\/wp-json\/wp\/v2\/types\/page"}],"author":[{"embeddable":true,"href":"https:\/\/stalla.ee\/pood\/wp-json\/wp\/v2\/users\/1"}],"replies":[{"embeddable":true,"href":"https:\/\/stalla.ee\/pood\/wp-json\/wp\/v2\/comments?post=425"}],"version-history":[{"count":4,"href":"https:\/\/stalla.ee\/pood\/wp-json\/wp\/v2\/pages\/425\/revisions"}],"predecessor-version":[{"id":451,"href":"https:\/\/stalla.ee\/pood\/wp-json\/wp\/v2\/pages\/425\/revisions\/451"}],"wp:attachment":[{"href":"https:\/\/stalla.ee\/pood\/wp-json\/wp\/v2\/media?parent=425"}],"curies":[{"name":"wp","href":"https:\/\/api.w.org\/{rel}","templated":true}]}}