{"id":877,"date":"2024-05-20T16:46:35","date_gmt":"2024-05-20T13:46:35","guid":{"rendered":"https:\/\/stalla.ee\/pood\/?page_id=877"},"modified":"2024-06-05T20:56:48","modified_gmt":"2024-06-05T17:56:48","slug":"arikliendiks-liitumine","status":"publish","type":"page","link":"https:\/\/stalla.ee\/pood\/arikliendiks-liitumine\/","title":{"rendered":"\u00c4rikliendiks liitumine"},"content":{"rendered":"\t\t<div data-elementor-type=\"wp-page\" data-elementor-id=\"877\" class=\"elementor elementor-877\" data-elementor-post-type=\"page\">\n\t\t\t\t<div class=\"elementor-element elementor-element-944b6e1 e-flex e-con-boxed e-con e-parent\" data-id=\"944b6e1\" data-element_type=\"container\">\n\t\t\t\t\t<div class=\"e-con-inner\">\n\t\t\t\t<div class=\"elementor-element elementor-element-4679f8b color-scheme-inherit text-left elementor-widget elementor-widget-text-editor\" data-id=\"4679f8b\" data-element_type=\"widget\" data-widget_type=\"text-editor.default\">\n\t\t\t\t<div class=\"elementor-widget-container\">\n\t\t\t\t\t\t\t\t\t<p>T\u00e4ida allolev vorm, et saada personaalne pakkumine Stalla e-poe toodete kohta.\u00a0<\/p>\t\t\t\t\t\t\t\t<\/div>\n\t\t\t\t<\/div>\n\t\t\t\t<div class=\"elementor-element elementor-element-6c2398f elementor-button-align-stretch elementor-widget elementor-widget-form\" data-id=\"6c2398f\" data-element_type=\"widget\" data-settings=\"{&quot;step_next_label&quot;:&quot;Next&quot;,&quot;step_previous_label&quot;:&quot;Previous&quot;,&quot;button_width&quot;:&quot;100&quot;,&quot;step_type&quot;:&quot;number_text&quot;,&quot;step_icon_shape&quot;:&quot;circle&quot;}\" data-widget_type=\"form.default\">\n\t\t\t\t<div class=\"elementor-widget-container\">\n\t\t\t\t\t\t\t<form class=\"elementor-form\" method=\"post\" name=\"\u00c4riklient\">\n\t\t\t<input type=\"hidden\" name=\"post_id\" value=\"877\"\/>\n\t\t\t<input type=\"hidden\" name=\"form_id\" value=\"6c2398f\"\/>\n\t\t\t<input type=\"hidden\" name=\"referer_title\" value=\"Stalla e-pood\" \/>\n\n\t\t\t\n\t\t\t<div class=\"elementor-form-fields-wrapper elementor-labels-above\">\n\t\t\t\t\t\t\t\t<div class=\"elementor-field-type-text elementor-field-group elementor-column elementor-field-group-name elementor-col-50 elementor-field-required elementor-mark-required\">\n\t\t\t\t\t\t\t\t\t\t\t\t<label for=\"form-field-name\" class=\"elementor-field-label\">\n\t\t\t\t\t\t\t\tSinu nimi\t\t\t\t\t\t\t<\/label>\n\t\t\t\t\t\t\t\t\t\t\t\t\t\t<input size=\"1\" type=\"text\" name=\"form_fields[name]\" id=\"form-field-name\" class=\"elementor-field elementor-size-sm  elementor-field-textual\" placeholder=\"Sisesta oma nimi\" required=\"required\">\n\t\t\t\t\t\t\t\t\t\t\t<\/div>\n\t\t\t\t\t\t\t\t<div class=\"elementor-field-type-text elementor-field-group elementor-column elementor-field-group-field_81a9bbb elementor-col-50 elementor-field-required elementor-mark-required\">\n\t\t\t\t\t\t\t\t\t\t\t\t<label for=\"form-field-field_81a9bbb\" class=\"elementor-field-label\">\n\t\t\t\t\t\t\t\tEttev\u00f5tte nimi\t\t\t\t\t\t\t<\/label>\n\t\t\t\t\t\t\t\t\t\t\t\t\t\t<input size=\"1\" type=\"text\" name=\"form_fields[field_81a9bbb]\" id=\"form-field-field_81a9bbb\" class=\"elementor-field elementor-size-sm  elementor-field-textual\" placeholder=\"Sisesta ettev\u00f5tte nimi\" required=\"required\">\n\t\t\t\t\t\t\t\t\t\t\t<\/div>\n\t\t\t\t\t\t\t\t<div class=\"elementor-field-type-email elementor-field-group elementor-column elementor-field-group-email elementor-col-100 elementor-field-required elementor-mark-required\">\n\t\t\t\t\t\t\t\t\t\t\t\t<label for=\"form-field-email\" class=\"elementor-field-label\">\n\t\t\t\t\t\t\t\tE-posti aadress\t\t\t\t\t\t\t<\/label>\n\t\t\t\t\t\t\t\t\t\t\t\t\t\t<input size=\"1\" type=\"email\" name=\"form_fields[email]\" id=\"form-field-email\" class=\"elementor-field elementor-size-sm  elementor-field-textual\" placeholder=\"Sisesta e-posti aadress\" required=\"required\">\n\t\t\t\t\t\t\t\t\t\t\t<\/div>\n\t\t\t\t\t\t\t\t<div class=\"elementor-field-type-text elementor-field-group elementor-column elementor-field-group-field_40b84e3 elementor-col-100 elementor-field-required elementor-mark-required\">\n\t\t\t\t\t\t\t\t\t\t\t\t<label for=\"form-field-field_40b84e3\" class=\"elementor-field-label\">\n\t\t\t\t\t\t\t\tAsukoht\t\t\t\t\t\t\t<\/label>\n\t\t\t\t\t\t\t\t\t\t\t\t\t\t<input size=\"1\" type=\"text\" name=\"form_fields[field_40b84e3]\" id=\"form-field-field_40b84e3\" class=\"elementor-field elementor-size-sm  elementor-field-textual\" placeholder=\"Sisesta asukoht, kuhu tooteid tarnima hakkame\" required=\"required\">\n\t\t\t\t\t\t\t\t\t\t\t<\/div>\n\t\t\t\t\t\t\t\t<div class=\"elementor-field-type-checkbox elementor-field-group elementor-column elementor-field-group-field_a92b166 elementor-col-100\">\n\t\t\t\t\t\t\t\t\t\t\t\t<label for=\"form-field-field_a92b166\" class=\"elementor-field-label\">\n\t\t\t\t\t\t\t\tVali tootekategooriad, mida oled huvatatud tellima Stalla e-poest\t\t\t\t\t\t\t<\/label>\n\t\t\t\t\t\t<div class=\"elementor-field-subgroup  \"><span class=\"elementor-field-option\"><input type=\"checkbox\" value=\"Leotusained\" id=\"form-field-field_a92b166-0\" name=\"form_fields[field_a92b166][]\"> <label for=\"form-field-field_a92b166-0\">Leotusained<\/label><\/span><span class=\"elementor-field-option\"><input type=\"checkbox\" value=\"Pesu\u0161ampoonid\" id=\"form-field-field_a92b166-1\" name=\"form_fields[field_a92b166][]\"> <label for=\"form-field-field_a92b166-1\">Pesu\u0161ampoonid<\/label><\/span><span class=\"elementor-field-option\"><input type=\"checkbox\" value=\"Veljepuhastuse tooted\" id=\"form-field-field_a92b166-2\" name=\"form_fields[field_a92b166][]\"> <label for=\"form-field-field_a92b166-2\">Veljepuhastuse tooted<\/label><\/span><span class=\"elementor-field-option\"><input type=\"checkbox\" value=\"Salongipuhastuse tooted\" id=\"form-field-field_a92b166-3\" name=\"form_fields[field_a92b166][]\"> <label for=\"form-field-field_a92b166-3\">Salongipuhastuse tooted<\/label><\/span><span class=\"elementor-field-option\"><input type=\"checkbox\" value=\"Muu\" id=\"form-field-field_a92b166-4\" name=\"form_fields[field_a92b166][]\"> <label for=\"form-field-field_a92b166-4\">Muu<\/label><\/span><\/div>\t\t\t\t<\/div>\n\t\t\t\t\t\t\t\t<div class=\"elementor-field-type-textarea elementor-field-group elementor-column elementor-field-group-field_3fce78e elementor-col-100 elementor-field-required elementor-mark-required\">\n\t\t\t\t\t\t\t\t\t\t\t\t<label for=\"form-field-field_3fce78e\" class=\"elementor-field-label\">\n\t\t\t\t\t\t\t\tT\u00e4psustav info\t\t\t\t\t\t\t<\/label>\n\t\t\t\t\t\t<textarea class=\"elementor-field-textual elementor-field  elementor-size-sm\" name=\"form_fields[field_3fce78e]\" id=\"form-field-field_3fce78e\" rows=\"4\" placeholder=\"Sisesta siia ligikaudsed kogused n\u00e4iteks liitrites kui palju mingeid tooteid teie ettev\u00f5ttes kulub. \" required=\"required\"><\/textarea>\t\t\t\t<\/div>\n\t\t\t\t\t\t\t\t<div class=\"elementor-field-type-textarea elementor-field-group elementor-column elementor-field-group-field_f6ca51a elementor-col-100\">\n\t\t\t\t\t\t\t\t\t\t\t\t<label for=\"form-field-field_f6ca51a\" class=\"elementor-field-label\">\n\t\t\t\t\t\t\t\tMuud kommentaarid\t\t\t\t\t\t\t<\/label>\n\t\t\t\t\t\t<textarea class=\"elementor-field-textual elementor-field  elementor-size-sm\" name=\"form_fields[field_f6ca51a]\" id=\"form-field-field_f6ca51a\" rows=\"4\" placeholder=\"Sisesta lisakommentaarid ja m\u00e4rkused.\"><\/textarea>\t\t\t\t<\/div>\n\t\t\t\t\t\t\t\t<div class=\"elementor-field-group elementor-column elementor-field-type-submit elementor-col-100 e-form__buttons\">\n\t\t\t\t\t<button class=\"elementor-button elementor-size-sm\" type=\"submit\">\n\t\t\t\t\t\t<span class=\"elementor-button-content-wrapper\">\n\t\t\t\t\t\t\t\t\t\t\t\t\t\t\t\t\t\t\t\t\t\t<span class=\"elementor-button-text\">Saada p\u00e4ring<\/span>\n\t\t\t\t\t\t\t\t\t\t\t\t\t<\/span>\n\t\t\t\t\t<\/button>\n\t\t\t\t<\/div>\n\t\t\t<\/div>\n\t\t<\/form>\n\t\t\t\t\t\t<\/div>\n\t\t\t\t<\/div>\n\t\t\t\t\t<\/div>\n\t\t\t\t<\/div>\n\t\t\t\t<\/div>\n\t\t","protected":false},"excerpt":{"rendered":"<p>T\u00e4ida allolev vorm, et saada personaalne pakkumine Stalla e-poe toodete kohta.\u00a0<\/p>\n","protected":false},"author":1,"featured_media":0,"parent":0,"menu_order":0,"comment_status":"closed","ping_status":"closed","template":"","meta":{"footnotes":""},"class_list":["post-877","page","type-page","status-publish","hentry","_wholesalex wsx-wholesalex-product"],"yoast_head":"<!-- This site is optimized with the Yoast SEO plugin v24.5 - https:\/\/yoast.com\/wordpress\/plugins\/seo\/ -->\n<title>\u00c4rikliendiks liitumine | Stalla e-pood<\/title>\n<meta name=\"robots\" content=\"index, follow, max-snippet:-1, max-image-preview:large, max-video-preview:-1\" \/>\n<link rel=\"canonical\" href=\"https:\/\/stalla.ee\/pood\/arikliendiks-liitumine\/\" \/>\n<meta property=\"og:locale\" content=\"et_EE\" \/>\n<meta property=\"og:type\" content=\"article\" \/>\n<meta property=\"og:title\" content=\"\u00c4rikliendiks liitumine | Stalla e-pood\" \/>\n<meta property=\"og:description\" content=\"T\u00e4ida allolev vorm, et saada personaalne pakkumine Stalla e-poe toodete kohta.\u00a0\" \/>\n<meta property=\"og:url\" content=\"https:\/\/stalla.ee\/pood\/arikliendiks-liitumine\/\" \/>\n<meta property=\"og:site_name\" content=\"Stalla e-pood\" \/>\n<meta property=\"article:publisher\" content=\"https:\/\/www.facebook.com\/stalla.eesti\" \/>\n<meta property=\"article:modified_time\" content=\"2024-06-05T17:56:48+00:00\" \/>\n<meta property=\"og:image\" content=\"https:\/\/stalla.ee\/pood\/wp-content\/uploads\/2024\/03\/stalla-25-of-168-scaled-1.jpg\" \/>\n\t<meta property=\"og:image:width\" content=\"2560\" \/>\n\t<meta property=\"og:image:height\" content=\"1707\" \/>\n\t<meta property=\"og:image:type\" content=\"image\/jpeg\" \/>\n<meta name=\"twitter:card\" content=\"summary_large_image\" \/>\n<meta name=\"twitter:label1\" content=\"Est. reading time\" \/>\n\t<meta name=\"twitter:data1\" content=\"1 minut\" \/>\n<script type=\"application\/ld+json\" class=\"yoast-schema-graph\">{\"@context\":\"https:\/\/schema.org\",\"@graph\":[{\"@type\":\"WebPage\",\"@id\":\"https:\/\/stalla.ee\/pood\/arikliendiks-liitumine\/\",\"url\":\"https:\/\/stalla.ee\/pood\/arikliendiks-liitumine\/\",\"name\":\"\u00c4rikliendiks liitumine | Stalla e-pood\",\"isPartOf\":{\"@id\":\"https:\/\/stalla.ee\/pood\/#website\"},\"datePublished\":\"2024-05-20T13:46:35+00:00\",\"dateModified\":\"2024-06-05T17:56:48+00:00\",\"breadcrumb\":{\"@id\":\"https:\/\/stalla.ee\/pood\/arikliendiks-liitumine\/#breadcrumb\"},\"inLanguage\":\"et\",\"potentialAction\":[{\"@type\":\"ReadAction\",\"target\":[\"https:\/\/stalla.ee\/pood\/arikliendiks-liitumine\/\"]}]},{\"@type\":\"BreadcrumbList\",\"@id\":\"https:\/\/stalla.ee\/pood\/arikliendiks-liitumine\/#breadcrumb\",\"itemListElement\":[{\"@type\":\"ListItem\",\"position\":1,\"name\":\"Esileht\",\"item\":\"https:\/\/stalla.ee\/pood\/\"},{\"@type\":\"ListItem\",\"position\":2,\"name\":\"\u00c4rikliendiks liitumine\"}]},{\"@type\":\"WebSite\",\"@id\":\"https:\/\/stalla.ee\/pood\/#website\",\"url\":\"https:\/\/stalla.ee\/pood\/\",\"name\":\"Stalla e-pood\",\"description\":\"Pinnat\u00f6\u00f6tlus, salongi ja v\u00e4lihooldustarvikud\",\"publisher\":{\"@id\":\"https:\/\/stalla.ee\/pood\/#organization\"},\"potentialAction\":[{\"@type\":\"SearchAction\",\"target\":{\"@type\":\"EntryPoint\",\"urlTemplate\":\"https:\/\/stalla.ee\/pood\/?s={search_term_string}\"},\"query-input\":{\"@type\":\"PropertyValueSpecification\",\"valueRequired\":true,\"valueName\":\"search_term_string\"}}],\"inLanguage\":\"et\"},{\"@type\":\"Organization\",\"@id\":\"https:\/\/stalla.ee\/pood\/#organization\",\"name\":\"Stalla O\u00dc\",\"url\":\"https:\/\/stalla.ee\/pood\/\",\"logo\":{\"@type\":\"ImageObject\",\"inLanguage\":\"et\",\"@id\":\"https:\/\/stalla.ee\/pood\/#\/schema\/logo\/image\/\",\"url\":\"https:\/\/stalla.ee\/pood\/wp-content\/uploads\/2024\/03\/Stalla_logo_ikoon_must.png\",\"contentUrl\":\"https:\/\/stalla.ee\/pood\/wp-content\/uploads\/2024\/03\/Stalla_logo_ikoon_must.png\",\"width\":1200,\"height\":1092,\"caption\":\"Stalla O\u00dc\"},\"image\":{\"@id\":\"https:\/\/stalla.ee\/pood\/#\/schema\/logo\/image\/\"},\"sameAs\":[\"https:\/\/www.facebook.com\/stalla.eesti\"]}]}<\/script>\n<!-- \/ Yoast SEO plugin. -->","yoast_head_json":{"title":"\u00c4rikliendiks liitumine | Stalla e-pood","robots":{"index":"index","follow":"follow","max-snippet":"max-snippet:-1","max-image-preview":"max-image-preview:large","max-video-preview":"max-video-preview:-1"},"canonical":"https:\/\/stalla.ee\/pood\/arikliendiks-liitumine\/","og_locale":"et_EE","og_type":"article","og_title":"\u00c4rikliendiks liitumine | Stalla e-pood","og_description":"T\u00e4ida allolev vorm, et saada personaalne pakkumine Stalla e-poe toodete kohta.\u00a0","og_url":"https:\/\/stalla.ee\/pood\/arikliendiks-liitumine\/","og_site_name":"Stalla e-pood","article_publisher":"https:\/\/www.facebook.com\/stalla.eesti","article_modified_time":"2024-06-05T17:56:48+00:00","og_image":[{"width":2560,"height":1707,"url":"https:\/\/stalla.ee\/pood\/wp-content\/uploads\/2024\/03\/stalla-25-of-168-scaled-1.jpg","type":"image\/jpeg"}],"twitter_card":"summary_large_image","twitter_misc":{"Est. reading time":"1 minut"},"schema":{"@context":"https:\/\/schema.org","@graph":[{"@type":"WebPage","@id":"https:\/\/stalla.ee\/pood\/arikliendiks-liitumine\/","url":"https:\/\/stalla.ee\/pood\/arikliendiks-liitumine\/","name":"\u00c4rikliendiks liitumine | Stalla e-pood","isPartOf":{"@id":"https:\/\/stalla.ee\/pood\/#website"},"datePublished":"2024-05-20T13:46:35+00:00","dateModified":"2024-06-05T17:56:48+00:00","breadcrumb":{"@id":"https:\/\/stalla.ee\/pood\/arikliendiks-liitumine\/#breadcrumb"},"inLanguage":"et","potentialAction":[{"@type":"ReadAction","target":["https:\/\/stalla.ee\/pood\/arikliendiks-liitumine\/"]}]},{"@type":"BreadcrumbList","@id":"https:\/\/stalla.ee\/pood\/arikliendiks-liitumine\/#breadcrumb","itemListElement":[{"@type":"ListItem","position":1,"name":"Esileht","item":"https:\/\/stalla.ee\/pood\/"},{"@type":"ListItem","position":2,"name":"\u00c4rikliendiks liitumine"}]},{"@type":"WebSite","@id":"https:\/\/stalla.ee\/pood\/#website","url":"https:\/\/stalla.ee\/pood\/","name":"Stalla e-pood","description":"Pinnat\u00f6\u00f6tlus, salongi ja v\u00e4lihooldustarvikud","publisher":{"@id":"https:\/\/stalla.ee\/pood\/#organization"},"potentialAction":[{"@type":"SearchAction","target":{"@type":"EntryPoint","urlTemplate":"https:\/\/stalla.ee\/pood\/?s={search_term_string}"},"query-input":{"@type":"PropertyValueSpecification","valueRequired":true,"valueName":"search_term_string"}}],"inLanguage":"et"},{"@type":"Organization","@id":"https:\/\/stalla.ee\/pood\/#organization","name":"Stalla O\u00dc","url":"https:\/\/stalla.ee\/pood\/","logo":{"@type":"ImageObject","inLanguage":"et","@id":"https:\/\/stalla.ee\/pood\/#\/schema\/logo\/image\/","url":"https:\/\/stalla.ee\/pood\/wp-content\/uploads\/2024\/03\/Stalla_logo_ikoon_must.png","contentUrl":"https:\/\/stalla.ee\/pood\/wp-content\/uploads\/2024\/03\/Stalla_logo_ikoon_must.png","width":1200,"height":1092,"caption":"Stalla O\u00dc"},"image":{"@id":"https:\/\/stalla.ee\/pood\/#\/schema\/logo\/image\/"},"sameAs":["https:\/\/www.facebook.com\/stalla.eesti"]}]}},"_links":{"self":[{"href":"https:\/\/stalla.ee\/pood\/wp-json\/wp\/v2\/pages\/877","targetHints":{"allow":["GET"]}}],"collection":[{"href":"https:\/\/stalla.ee\/pood\/wp-json\/wp\/v2\/pages"}],"about":[{"href":"https:\/\/stalla.ee\/pood\/wp-json\/wp\/v2\/types\/page"}],"author":[{"embeddable":true,"href":"https:\/\/stalla.ee\/pood\/wp-json\/wp\/v2\/users\/1"}],"replies":[{"embeddable":true,"href":"https:\/\/stalla.ee\/pood\/wp-json\/wp\/v2\/comments?post=877"}],"version-history":[{"count":22,"href":"https:\/\/stalla.ee\/pood\/wp-json\/wp\/v2\/pages\/877\/revisions"}],"predecessor-version":[{"id":941,"href":"https:\/\/stalla.ee\/pood\/wp-json\/wp\/v2\/pages\/877\/revisions\/941"}],"wp:attachment":[{"href":"https:\/\/stalla.ee\/pood\/wp-json\/wp\/v2\/media?parent=877"}],"curies":[{"name":"wp","href":"https:\/\/api.w.org\/{rel}","templated":true}]}}