{"id":1013,"date":"2024-08-03T20:55:11","date_gmt":"2024-08-03T17:55:11","guid":{"rendered":"https:\/\/stalla.ee\/pood\/?post_type=product&#038;p=1013"},"modified":"2025-02-09T20:03:19","modified_gmt":"2025-02-09T18:03:19","slug":"g4-nanotech-glass-polish-klaasi-poleerpasta","status":"publish","type":"product","link":"https:\/\/stalla.ee\/pood\/toode\/g4-nanotech-glass-polish-klaasi-poleerpasta\/","title":{"rendered":"G4 Nanotech Glass Polish, klaasi poleerpasta"},"content":{"rendered":"<p>G4 klaaside poleerpasta aitab eemaldada klaasilt v\u00e4iksemad kriimustused, ilma klaasi kahjustamata.<\/p>\n<p>Suurep\u00e4rane samm enne klaasit\u00f6\u00f6tluse paigaldamist!<\/p>\n","protected":false},"excerpt":{"rendered":"<p>Klaaside poleerpasta.<\/p>\n<p>Ei kahjusta klaasipinda.<\/p>\n<p>Eemaldab kinnise mustuse.<\/p>\n","protected":false},"featured_media":1014,"template":"","meta":[],"product_brand":[],"product_cat":[46],"product_tag":[75,76],"class_list":{"0":"post-1013","1":"product","2":"type-product","3":"status-publish","4":"has-post-thumbnail","6":"product_cat-klaasid","7":"product_tag-klaasid","8":"product_tag-poleerimine","9":"pa_kogus-100ml","10":"_wholesalex wsx-wholesalex-product","12":"first","13":"instock","14":"taxable","15":"shipping-taxable","16":"purchasable","17":"product-type-simple"},"yoast_head":"<!-- This site is optimized with the Yoast SEO plugin v24.5 - https:\/\/yoast.com\/wordpress\/plugins\/seo\/ -->\n<title>G4 Nanotech Glass Polish, klaasi poleerpasta | Stalla e-pood<\/title>\n<meta name=\"robots\" content=\"index, follow, max-snippet:-1, max-image-preview:large, max-video-preview:-1\" \/>\n<link rel=\"canonical\" href=\"https:\/\/stalla.ee\/pood\/toode\/g4-nanotech-glass-polish-klaasi-poleerpasta\/\" \/>\n<meta property=\"og:locale\" content=\"et_EE\" \/>\n<meta property=\"og:type\" content=\"article\" \/>\n<meta property=\"og:title\" content=\"G4 Nanotech Glass Polish, klaasi poleerpasta | Stalla e-pood\" \/>\n<meta property=\"og:description\" content=\"Klaaside poleerpasta. Ei kahjusta klaasipinda. Eemaldab kinnise mustuse.\" \/>\n<meta property=\"og:url\" content=\"https:\/\/stalla.ee\/pood\/toode\/g4-nanotech-glass-polish-klaasi-poleerpasta\/\" \/>\n<meta property=\"og:site_name\" content=\"Stalla e-pood\" \/>\n<meta property=\"article:publisher\" content=\"https:\/\/www.facebook.com\/stalla.eesti\" \/>\n<meta property=\"article:modified_time\" content=\"2025-02-09T18:03:19+00:00\" \/>\n<meta property=\"og:image\" content=\"https:\/\/stalla.ee\/pood\/wp-content\/uploads\/2024\/08\/g4-glass-polish-min.jpg\" \/>\n\t<meta property=\"og:image:width\" content=\"2000\" \/>\n\t<meta property=\"og:image:height\" content=\"1603\" \/>\n\t<meta property=\"og:image:type\" content=\"image\/jpeg\" \/>\n<meta name=\"twitter:card\" content=\"summary_large_image\" \/>\n<meta name=\"twitter:label1\" content=\"Est. reading time\" \/>\n\t<meta name=\"twitter:data1\" content=\"1 minut\" \/>\n<script type=\"application\/ld+json\" class=\"yoast-schema-graph\">{\"@context\":\"https:\/\/schema.org\",\"@graph\":[{\"@type\":\"WebPage\",\"@id\":\"https:\/\/stalla.ee\/pood\/toode\/g4-nanotech-glass-polish-klaasi-poleerpasta\/\",\"url\":\"https:\/\/stalla.ee\/pood\/toode\/g4-nanotech-glass-polish-klaasi-poleerpasta\/\",\"name\":\"G4 Nanotech Glass Polish, klaasi poleerpasta | Stalla e-pood\",\"isPartOf\":{\"@id\":\"https:\/\/stalla.ee\/pood\/#website\"},\"primaryImageOfPage\":{\"@id\":\"https:\/\/stalla.ee\/pood\/toode\/g4-nanotech-glass-polish-klaasi-poleerpasta\/#primaryimage\"},\"image\":{\"@id\":\"https:\/\/stalla.ee\/pood\/toode\/g4-nanotech-glass-polish-klaasi-poleerpasta\/#primaryimage\"},\"thumbnailUrl\":\"https:\/\/stalla.ee\/pood\/wp-content\/uploads\/2024\/08\/g4-glass-polish-min.jpg\",\"datePublished\":\"2024-08-03T17:55:11+00:00\",\"dateModified\":\"2025-02-09T18:03:19+00:00\",\"breadcrumb\":{\"@id\":\"https:\/\/stalla.ee\/pood\/toode\/g4-nanotech-glass-polish-klaasi-poleerpasta\/#breadcrumb\"},\"inLanguage\":\"et\",\"potentialAction\":[{\"@type\":\"ReadAction\",\"target\":[\"https:\/\/stalla.ee\/pood\/toode\/g4-nanotech-glass-polish-klaasi-poleerpasta\/\"]}]},{\"@type\":\"ImageObject\",\"inLanguage\":\"et\",\"@id\":\"https:\/\/stalla.ee\/pood\/toode\/g4-nanotech-glass-polish-klaasi-poleerpasta\/#primaryimage\",\"url\":\"https:\/\/stalla.ee\/pood\/wp-content\/uploads\/2024\/08\/g4-glass-polish-min.jpg\",\"contentUrl\":\"https:\/\/stalla.ee\/pood\/wp-content\/uploads\/2024\/08\/g4-glass-polish-min.jpg\",\"width\":2000,\"height\":1603},{\"@type\":\"BreadcrumbList\",\"@id\":\"https:\/\/stalla.ee\/pood\/toode\/g4-nanotech-glass-polish-klaasi-poleerpasta\/#breadcrumb\",\"itemListElement\":[{\"@type\":\"ListItem\",\"position\":1,\"name\":\"Esileht\",\"item\":\"https:\/\/stalla.ee\/pood\/\"},{\"@type\":\"ListItem\",\"position\":2,\"name\":\"Pood\",\"item\":\"https:\/\/stalla.ee\/pood\/tooted\/\"},{\"@type\":\"ListItem\",\"position\":3,\"name\":\"G4 Nanotech Glass Polish, klaasi poleerpasta\"}]},{\"@type\":\"WebSite\",\"@id\":\"https:\/\/stalla.ee\/pood\/#website\",\"url\":\"https:\/\/stalla.ee\/pood\/\",\"name\":\"Stalla e-pood\",\"description\":\"Pinnat\u00f6\u00f6tlus, salongi ja v\u00e4lihooldustarvikud\",\"publisher\":{\"@id\":\"https:\/\/stalla.ee\/pood\/#organization\"},\"potentialAction\":[{\"@type\":\"SearchAction\",\"target\":{\"@type\":\"EntryPoint\",\"urlTemplate\":\"https:\/\/stalla.ee\/pood\/?s={search_term_string}\"},\"query-input\":{\"@type\":\"PropertyValueSpecification\",\"valueRequired\":true,\"valueName\":\"search_term_string\"}}],\"inLanguage\":\"et\"},{\"@type\":\"Organization\",\"@id\":\"https:\/\/stalla.ee\/pood\/#organization\",\"name\":\"Stalla O\u00dc\",\"url\":\"https:\/\/stalla.ee\/pood\/\",\"logo\":{\"@type\":\"ImageObject\",\"inLanguage\":\"et\",\"@id\":\"https:\/\/stalla.ee\/pood\/#\/schema\/logo\/image\/\",\"url\":\"https:\/\/stalla.ee\/pood\/wp-content\/uploads\/2024\/03\/Stalla_logo_ikoon_must.png\",\"contentUrl\":\"https:\/\/stalla.ee\/pood\/wp-content\/uploads\/2024\/03\/Stalla_logo_ikoon_must.png\",\"width\":1200,\"height\":1092,\"caption\":\"Stalla O\u00dc\"},\"image\":{\"@id\":\"https:\/\/stalla.ee\/pood\/#\/schema\/logo\/image\/\"},\"sameAs\":[\"https:\/\/www.facebook.com\/stalla.eesti\"]}]}<\/script>\n<!-- \/ Yoast SEO plugin. -->","yoast_head_json":{"title":"G4 Nanotech Glass Polish, klaasi poleerpasta | Stalla e-pood","robots":{"index":"index","follow":"follow","max-snippet":"max-snippet:-1","max-image-preview":"max-image-preview:large","max-video-preview":"max-video-preview:-1"},"canonical":"https:\/\/stalla.ee\/pood\/toode\/g4-nanotech-glass-polish-klaasi-poleerpasta\/","og_locale":"et_EE","og_type":"article","og_title":"G4 Nanotech Glass Polish, klaasi poleerpasta | Stalla e-pood","og_description":"Klaaside poleerpasta. Ei kahjusta klaasipinda. Eemaldab kinnise mustuse.","og_url":"https:\/\/stalla.ee\/pood\/toode\/g4-nanotech-glass-polish-klaasi-poleerpasta\/","og_site_name":"Stalla e-pood","article_publisher":"https:\/\/www.facebook.com\/stalla.eesti","article_modified_time":"2025-02-09T18:03:19+00:00","og_image":[{"width":2000,"height":1603,"url":"https:\/\/stalla.ee\/pood\/wp-content\/uploads\/2024\/08\/g4-glass-polish-min.jpg","type":"image\/jpeg"}],"twitter_card":"summary_large_image","twitter_misc":{"Est. reading time":"1 minut"},"schema":{"@context":"https:\/\/schema.org","@graph":[{"@type":"WebPage","@id":"https:\/\/stalla.ee\/pood\/toode\/g4-nanotech-glass-polish-klaasi-poleerpasta\/","url":"https:\/\/stalla.ee\/pood\/toode\/g4-nanotech-glass-polish-klaasi-poleerpasta\/","name":"G4 Nanotech Glass Polish, klaasi poleerpasta | Stalla e-pood","isPartOf":{"@id":"https:\/\/stalla.ee\/pood\/#website"},"primaryImageOfPage":{"@id":"https:\/\/stalla.ee\/pood\/toode\/g4-nanotech-glass-polish-klaasi-poleerpasta\/#primaryimage"},"image":{"@id":"https:\/\/stalla.ee\/pood\/toode\/g4-nanotech-glass-polish-klaasi-poleerpasta\/#primaryimage"},"thumbnailUrl":"https:\/\/stalla.ee\/pood\/wp-content\/uploads\/2024\/08\/g4-glass-polish-min.jpg","datePublished":"2024-08-03T17:55:11+00:00","dateModified":"2025-02-09T18:03:19+00:00","breadcrumb":{"@id":"https:\/\/stalla.ee\/pood\/toode\/g4-nanotech-glass-polish-klaasi-poleerpasta\/#breadcrumb"},"inLanguage":"et","potentialAction":[{"@type":"ReadAction","target":["https:\/\/stalla.ee\/pood\/toode\/g4-nanotech-glass-polish-klaasi-poleerpasta\/"]}]},{"@type":"ImageObject","inLanguage":"et","@id":"https:\/\/stalla.ee\/pood\/toode\/g4-nanotech-glass-polish-klaasi-poleerpasta\/#primaryimage","url":"https:\/\/stalla.ee\/pood\/wp-content\/uploads\/2024\/08\/g4-glass-polish-min.jpg","contentUrl":"https:\/\/stalla.ee\/pood\/wp-content\/uploads\/2024\/08\/g4-glass-polish-min.jpg","width":2000,"height":1603},{"@type":"BreadcrumbList","@id":"https:\/\/stalla.ee\/pood\/toode\/g4-nanotech-glass-polish-klaasi-poleerpasta\/#breadcrumb","itemListElement":[{"@type":"ListItem","position":1,"name":"Esileht","item":"https:\/\/stalla.ee\/pood\/"},{"@type":"ListItem","position":2,"name":"Pood","item":"https:\/\/stalla.ee\/pood\/tooted\/"},{"@type":"ListItem","position":3,"name":"G4 Nanotech Glass Polish, klaasi poleerpasta"}]},{"@type":"WebSite","@id":"https:\/\/stalla.ee\/pood\/#website","url":"https:\/\/stalla.ee\/pood\/","name":"Stalla e-pood","description":"Pinnat\u00f6\u00f6tlus, salongi ja v\u00e4lihooldustarvikud","publisher":{"@id":"https:\/\/stalla.ee\/pood\/#organization"},"potentialAction":[{"@type":"SearchAction","target":{"@type":"EntryPoint","urlTemplate":"https:\/\/stalla.ee\/pood\/?s={search_term_string}"},"query-input":{"@type":"PropertyValueSpecification","valueRequired":true,"valueName":"search_term_string"}}],"inLanguage":"et"},{"@type":"Organization","@id":"https:\/\/stalla.ee\/pood\/#organization","name":"Stalla O\u00dc","url":"https:\/\/stalla.ee\/pood\/","logo":{"@type":"ImageObject","inLanguage":"et","@id":"https:\/\/stalla.ee\/pood\/#\/schema\/logo\/image\/","url":"https:\/\/stalla.ee\/pood\/wp-content\/uploads\/2024\/03\/Stalla_logo_ikoon_must.png","contentUrl":"https:\/\/stalla.ee\/pood\/wp-content\/uploads\/2024\/03\/Stalla_logo_ikoon_must.png","width":1200,"height":1092,"caption":"Stalla O\u00dc"},"image":{"@id":"https:\/\/stalla.ee\/pood\/#\/schema\/logo\/image\/"},"sameAs":["https:\/\/www.facebook.com\/stalla.eesti"]}]}},"_links":{"self":[{"href":"https:\/\/stalla.ee\/pood\/wp-json\/wp\/v2\/product\/1013","targetHints":{"allow":["GET"]}}],"collection":[{"href":"https:\/\/stalla.ee\/pood\/wp-json\/wp\/v2\/product"}],"about":[{"href":"https:\/\/stalla.ee\/pood\/wp-json\/wp\/v2\/types\/product"}],"wp:featuredmedia":[{"embeddable":true,"href":"https:\/\/stalla.ee\/pood\/wp-json\/wp\/v2\/media\/1014"}],"wp:attachment":[{"href":"https:\/\/stalla.ee\/pood\/wp-json\/wp\/v2\/media?parent=1013"}],"wp:term":[{"taxonomy":"product_brand","embeddable":true,"href":"https:\/\/stalla.ee\/pood\/wp-json\/wp\/v2\/product_brand?post=1013"},{"taxonomy":"product_cat","embeddable":true,"href":"https:\/\/stalla.ee\/pood\/wp-json\/wp\/v2\/product_cat?post=1013"},{"taxonomy":"product_tag","embeddable":true,"href":"https:\/\/stalla.ee\/pood\/wp-json\/wp\/v2\/product_tag?post=1013"}],"curies":[{"name":"wp","href":"https:\/\/api.w.org\/{rel}","templated":true}]}}