{"id":297,"date":"2024-03-07T19:03:39","date_gmt":"2024-03-07T17:03:39","guid":{"rendered":"https:\/\/stalla.ee\/pood\/toode\/g1-clearvision-smart-glass\/"},"modified":"2025-03-07T07:59:37","modified_gmt":"2025-03-07T05:59:37","slug":"g1-clearvision-smart-glass","status":"publish","type":"product","link":"https:\/\/stalla.ee\/pood\/toode\/g1-clearvision-smart-glass\/","title":{"rendered":"G1 Clearvision Smart Glass, klaasit\u00f6\u00f6tlus"},"content":{"rendered":"<p>Ekstreemne h\u00fcdrofoobsus.<\/p>\n<p>Tekitab keemilise \u00fchenduse pinnaga, mille t\u00f5ttu t\u00f5rjub paremini vett ja mustust ning kestab kauem, kui traditsioonilised klaasivahad. Hakkab toimima juba ca 50km\/h pealt.<br \/>\nAitab t\u00f5rjuda klaasidelt mustust ja vett, seet\u00f5ttu muutes n\u00e4htavuse kehvades tingimustes oluliselt paremaks. Peale G1 paigaldamist on ka kergem eemaldada klaasidelt nt putukaid, vaiku ja j\u00e4\u00e4d.<br \/>\nEluiga kuni 30000km.<\/p>\n<p>*Omaltpoolt soovitame igasuguse pinnat\u00f6\u00f6tlusega soetada ka 3-4 uut lappi, n\u00e4iteks <a href=\"https:\/\/stalla.ee\/pood\/toode\/mf6-haze-buster\/\">MF6 Haze Buster<\/a>, kuna pinnat\u00f6\u00f6tlust eemaldada on k\u00f5ige parem uute lappidega ning see v\u00e4hendab potentsiaalseid probleeme keraamika paigaldamisel.<\/p>\n","protected":false},"excerpt":{"rendered":"<p>G1 Clearvision Smart Glass, klaasikeraamika.<\/p>\n","protected":false},"featured_media":298,"template":"","meta":[],"product_brand":[],"product_cat":[46,19],"product_tag":[],"class_list":{"0":"post-297","1":"product","2":"type-product","3":"status-publish","4":"has-post-thumbnail","6":"product_cat-klaasid","7":"product_cat-pinnatootlus","8":"pa_kogus-100ml","9":"_wholesalex wsx-wholesalex-product","11":"first","12":"instock","13":"featured","14":"taxable","15":"shipping-taxable","16":"purchasable","17":"product-type-simple"},"yoast_head":"<!-- This site is optimized with the Yoast SEO plugin v24.5 - https:\/\/yoast.com\/wordpress\/plugins\/seo\/ -->\n<title>G1 Clearvision Smart Glass, klaasit\u00f6\u00f6tlus | Stalla e-pood<\/title>\n<meta name=\"robots\" content=\"index, follow, max-snippet:-1, max-image-preview:large, max-video-preview:-1\" \/>\n<link rel=\"canonical\" href=\"https:\/\/stalla.ee\/pood\/toode\/g1-clearvision-smart-glass\/\" \/>\n<meta property=\"og:locale\" content=\"et_EE\" \/>\n<meta property=\"og:type\" content=\"article\" \/>\n<meta property=\"og:title\" content=\"G1 Clearvision Smart Glass, klaasit\u00f6\u00f6tlus | Stalla e-pood\" \/>\n<meta property=\"og:description\" content=\"G1 Clearvision Smart Glass, klaasikeraamika.\" \/>\n<meta property=\"og:url\" content=\"https:\/\/stalla.ee\/pood\/toode\/g1-clearvision-smart-glass\/\" \/>\n<meta property=\"og:site_name\" content=\"Stalla e-pood\" \/>\n<meta property=\"article:publisher\" content=\"https:\/\/www.facebook.com\/stalla.eesti\" \/>\n<meta property=\"article:modified_time\" content=\"2025-03-07T05:59:37+00:00\" \/>\n<meta property=\"og:image\" content=\"https:\/\/stalla.ee\/pood\/wp-content\/uploads\/2024\/03\/g1-smart-glass-15ml-min.webp\" \/>\n\t<meta property=\"og:image:width\" content=\"800\" \/>\n\t<meta property=\"og:image:height\" content=\"641\" \/>\n\t<meta property=\"og:image:type\" content=\"image\/webp\" \/>\n<meta name=\"twitter:card\" content=\"summary_large_image\" \/>\n<meta name=\"twitter:label1\" content=\"Est. reading time\" \/>\n\t<meta name=\"twitter:data1\" content=\"1 minut\" \/>\n<script type=\"application\/ld+json\" class=\"yoast-schema-graph\">{\"@context\":\"https:\/\/schema.org\",\"@graph\":[{\"@type\":\"WebPage\",\"@id\":\"https:\/\/stalla.ee\/pood\/toode\/g1-clearvision-smart-glass\/\",\"url\":\"https:\/\/stalla.ee\/pood\/toode\/g1-clearvision-smart-glass\/\",\"name\":\"G1 Clearvision Smart Glass, klaasit\u00f6\u00f6tlus | Stalla e-pood\",\"isPartOf\":{\"@id\":\"https:\/\/stalla.ee\/pood\/#website\"},\"primaryImageOfPage\":{\"@id\":\"https:\/\/stalla.ee\/pood\/toode\/g1-clearvision-smart-glass\/#primaryimage\"},\"image\":{\"@id\":\"https:\/\/stalla.ee\/pood\/toode\/g1-clearvision-smart-glass\/#primaryimage\"},\"thumbnailUrl\":\"https:\/\/stalla.ee\/pood\/wp-content\/uploads\/2024\/03\/g1-smart-glass-15ml-min.webp\",\"datePublished\":\"2024-03-07T17:03:39+00:00\",\"dateModified\":\"2025-03-07T05:59:37+00:00\",\"breadcrumb\":{\"@id\":\"https:\/\/stalla.ee\/pood\/toode\/g1-clearvision-smart-glass\/#breadcrumb\"},\"inLanguage\":\"et\",\"potentialAction\":[{\"@type\":\"ReadAction\",\"target\":[\"https:\/\/stalla.ee\/pood\/toode\/g1-clearvision-smart-glass\/\"]}]},{\"@type\":\"ImageObject\",\"inLanguage\":\"et\",\"@id\":\"https:\/\/stalla.ee\/pood\/toode\/g1-clearvision-smart-glass\/#primaryimage\",\"url\":\"https:\/\/stalla.ee\/pood\/wp-content\/uploads\/2024\/03\/g1-smart-glass-15ml-min.webp\",\"contentUrl\":\"https:\/\/stalla.ee\/pood\/wp-content\/uploads\/2024\/03\/g1-smart-glass-15ml-min.webp\",\"width\":800,\"height\":641},{\"@type\":\"BreadcrumbList\",\"@id\":\"https:\/\/stalla.ee\/pood\/toode\/g1-clearvision-smart-glass\/#breadcrumb\",\"itemListElement\":[{\"@type\":\"ListItem\",\"position\":1,\"name\":\"Esileht\",\"item\":\"https:\/\/stalla.ee\/pood\/\"},{\"@type\":\"ListItem\",\"position\":2,\"name\":\"Pood\",\"item\":\"https:\/\/stalla.ee\/pood\/tooted\/\"},{\"@type\":\"ListItem\",\"position\":3,\"name\":\"G1 Clearvision Smart Glass, klaasit\u00f6\u00f6tlus\"}]},{\"@type\":\"WebSite\",\"@id\":\"https:\/\/stalla.ee\/pood\/#website\",\"url\":\"https:\/\/stalla.ee\/pood\/\",\"name\":\"Stalla e-pood\",\"description\":\"Pinnat\u00f6\u00f6tlus, salongi ja v\u00e4lihooldustarvikud\",\"publisher\":{\"@id\":\"https:\/\/stalla.ee\/pood\/#organization\"},\"potentialAction\":[{\"@type\":\"SearchAction\",\"target\":{\"@type\":\"EntryPoint\",\"urlTemplate\":\"https:\/\/stalla.ee\/pood\/?s={search_term_string}\"},\"query-input\":{\"@type\":\"PropertyValueSpecification\",\"valueRequired\":true,\"valueName\":\"search_term_string\"}}],\"inLanguage\":\"et\"},{\"@type\":\"Organization\",\"@id\":\"https:\/\/stalla.ee\/pood\/#organization\",\"name\":\"Stalla O\u00dc\",\"url\":\"https:\/\/stalla.ee\/pood\/\",\"logo\":{\"@type\":\"ImageObject\",\"inLanguage\":\"et\",\"@id\":\"https:\/\/stalla.ee\/pood\/#\/schema\/logo\/image\/\",\"url\":\"https:\/\/stalla.ee\/pood\/wp-content\/uploads\/2024\/03\/Stalla_logo_ikoon_must.png\",\"contentUrl\":\"https:\/\/stalla.ee\/pood\/wp-content\/uploads\/2024\/03\/Stalla_logo_ikoon_must.png\",\"width\":1200,\"height\":1092,\"caption\":\"Stalla O\u00dc\"},\"image\":{\"@id\":\"https:\/\/stalla.ee\/pood\/#\/schema\/logo\/image\/\"},\"sameAs\":[\"https:\/\/www.facebook.com\/stalla.eesti\"]}]}<\/script>\n<!-- \/ Yoast SEO plugin. -->","yoast_head_json":{"title":"G1 Clearvision Smart Glass, klaasit\u00f6\u00f6tlus | Stalla e-pood","robots":{"index":"index","follow":"follow","max-snippet":"max-snippet:-1","max-image-preview":"max-image-preview:large","max-video-preview":"max-video-preview:-1"},"canonical":"https:\/\/stalla.ee\/pood\/toode\/g1-clearvision-smart-glass\/","og_locale":"et_EE","og_type":"article","og_title":"G1 Clearvision Smart Glass, klaasit\u00f6\u00f6tlus | Stalla e-pood","og_description":"G1 Clearvision Smart Glass, klaasikeraamika.","og_url":"https:\/\/stalla.ee\/pood\/toode\/g1-clearvision-smart-glass\/","og_site_name":"Stalla e-pood","article_publisher":"https:\/\/www.facebook.com\/stalla.eesti","article_modified_time":"2025-03-07T05:59:37+00:00","og_image":[{"width":800,"height":641,"url":"https:\/\/stalla.ee\/pood\/wp-content\/uploads\/2024\/03\/g1-smart-glass-15ml-min.webp","type":"image\/webp"}],"twitter_card":"summary_large_image","twitter_misc":{"Est. reading time":"1 minut"},"schema":{"@context":"https:\/\/schema.org","@graph":[{"@type":"WebPage","@id":"https:\/\/stalla.ee\/pood\/toode\/g1-clearvision-smart-glass\/","url":"https:\/\/stalla.ee\/pood\/toode\/g1-clearvision-smart-glass\/","name":"G1 Clearvision Smart Glass, klaasit\u00f6\u00f6tlus | Stalla e-pood","isPartOf":{"@id":"https:\/\/stalla.ee\/pood\/#website"},"primaryImageOfPage":{"@id":"https:\/\/stalla.ee\/pood\/toode\/g1-clearvision-smart-glass\/#primaryimage"},"image":{"@id":"https:\/\/stalla.ee\/pood\/toode\/g1-clearvision-smart-glass\/#primaryimage"},"thumbnailUrl":"https:\/\/stalla.ee\/pood\/wp-content\/uploads\/2024\/03\/g1-smart-glass-15ml-min.webp","datePublished":"2024-03-07T17:03:39+00:00","dateModified":"2025-03-07T05:59:37+00:00","breadcrumb":{"@id":"https:\/\/stalla.ee\/pood\/toode\/g1-clearvision-smart-glass\/#breadcrumb"},"inLanguage":"et","potentialAction":[{"@type":"ReadAction","target":["https:\/\/stalla.ee\/pood\/toode\/g1-clearvision-smart-glass\/"]}]},{"@type":"ImageObject","inLanguage":"et","@id":"https:\/\/stalla.ee\/pood\/toode\/g1-clearvision-smart-glass\/#primaryimage","url":"https:\/\/stalla.ee\/pood\/wp-content\/uploads\/2024\/03\/g1-smart-glass-15ml-min.webp","contentUrl":"https:\/\/stalla.ee\/pood\/wp-content\/uploads\/2024\/03\/g1-smart-glass-15ml-min.webp","width":800,"height":641},{"@type":"BreadcrumbList","@id":"https:\/\/stalla.ee\/pood\/toode\/g1-clearvision-smart-glass\/#breadcrumb","itemListElement":[{"@type":"ListItem","position":1,"name":"Esileht","item":"https:\/\/stalla.ee\/pood\/"},{"@type":"ListItem","position":2,"name":"Pood","item":"https:\/\/stalla.ee\/pood\/tooted\/"},{"@type":"ListItem","position":3,"name":"G1 Clearvision Smart Glass, klaasit\u00f6\u00f6tlus"}]},{"@type":"WebSite","@id":"https:\/\/stalla.ee\/pood\/#website","url":"https:\/\/stalla.ee\/pood\/","name":"Stalla e-pood","description":"Pinnat\u00f6\u00f6tlus, salongi ja v\u00e4lihooldustarvikud","publisher":{"@id":"https:\/\/stalla.ee\/pood\/#organization"},"potentialAction":[{"@type":"SearchAction","target":{"@type":"EntryPoint","urlTemplate":"https:\/\/stalla.ee\/pood\/?s={search_term_string}"},"query-input":{"@type":"PropertyValueSpecification","valueRequired":true,"valueName":"search_term_string"}}],"inLanguage":"et"},{"@type":"Organization","@id":"https:\/\/stalla.ee\/pood\/#organization","name":"Stalla O\u00dc","url":"https:\/\/stalla.ee\/pood\/","logo":{"@type":"ImageObject","inLanguage":"et","@id":"https:\/\/stalla.ee\/pood\/#\/schema\/logo\/image\/","url":"https:\/\/stalla.ee\/pood\/wp-content\/uploads\/2024\/03\/Stalla_logo_ikoon_must.png","contentUrl":"https:\/\/stalla.ee\/pood\/wp-content\/uploads\/2024\/03\/Stalla_logo_ikoon_must.png","width":1200,"height":1092,"caption":"Stalla O\u00dc"},"image":{"@id":"https:\/\/stalla.ee\/pood\/#\/schema\/logo\/image\/"},"sameAs":["https:\/\/www.facebook.com\/stalla.eesti"]}]}},"_links":{"self":[{"href":"https:\/\/stalla.ee\/pood\/wp-json\/wp\/v2\/product\/297","targetHints":{"allow":["GET"]}}],"collection":[{"href":"https:\/\/stalla.ee\/pood\/wp-json\/wp\/v2\/product"}],"about":[{"href":"https:\/\/stalla.ee\/pood\/wp-json\/wp\/v2\/types\/product"}],"wp:featuredmedia":[{"embeddable":true,"href":"https:\/\/stalla.ee\/pood\/wp-json\/wp\/v2\/media\/298"}],"wp:attachment":[{"href":"https:\/\/stalla.ee\/pood\/wp-json\/wp\/v2\/media?parent=297"}],"wp:term":[{"taxonomy":"product_brand","embeddable":true,"href":"https:\/\/stalla.ee\/pood\/wp-json\/wp\/v2\/product_brand?post=297"},{"taxonomy":"product_cat","embeddable":true,"href":"https:\/\/stalla.ee\/pood\/wp-json\/wp\/v2\/product_cat?post=297"},{"taxonomy":"product_tag","embeddable":true,"href":"https:\/\/stalla.ee\/pood\/wp-json\/wp\/v2\/product_tag?post=297"}],"curies":[{"name":"wp","href":"https:\/\/api.w.org\/{rel}","templated":true}]}}