{"id":309,"date":"2024-03-07T19:03:39","date_gmt":"2024-03-07T17:03:39","guid":{"rendered":"https:\/\/stalla.ee\/pood\/toode\/i1-smart-fabric-ab\/"},"modified":"2024-11-22T17:35:05","modified_gmt":"2024-11-22T15:35:05","slug":"i1-smart-fabric-ab","status":"publish","type":"product","link":"https:\/\/stalla.ee\/pood\/toode\/i1-smart-fabric-ab\/","title":{"rendered":"I1 Smart Fabric AB, riidest pindade kaitseaine"},"content":{"rendered":"<p>Miks kasutada Gtechniq Smart Fabric AB-d:<br \/>\nI1 Smart Fabric AB kaitseb k\u00f5iki kangaid veep\u00f5histe plekkide eest. T\u00e4nu Gtechniq ainulaadsele teaduslikule valemile on see hingav ja \u00e4\u00e4rmiselt vastupidav. Ulatuslikud s\u00f5ltumatud testid (ISO 6330 5A ja AATCC 22) on t\u00f5estanud, et Smart Fabric AB kestab turuliidritest 4 korda kauem.<br \/>\nUue lisatud antimikroobse tehnoloogiaga tapad toodet pealekandes 99% bakteritest. See uusim toode takistab ka hallitusseente ja hallituse teket. Seet\u00f5ttu on see ideaalne kasutamiseks autosalongis, et kaitsta sind ja su perekonda kahjulike bakterite eest.<br \/>\nSmart Fabric on v\u00e4rvikindel. I1 Smart Fabric&#8217;i koostises olevad nanoskoopilised osakesed katavad iga kangakiudu eraldi, j\u00e4ttes tekstuuri muutumatuks ja v\u00f5imaldades materjalil hingata. See t\u00e4hendab, et \u00f5hk saab siiski liikuda, samal ajal t\u00f5rjudes veep\u00f5hiseid ja \u00f5lip\u00f5hiseid vedelikke.<\/p>\n<p>Parim n\u00f5uanne: Smart Fabricit saab kasutada k\u00f5ikidel kangastel, sealhulgas ka avatavatel katusetel.<\/p>\n","protected":false},"excerpt":{"rendered":"<p>I1 Smart Fabric AB, tekstiilpindade kaitseaine.<\/p>\n","protected":false},"featured_media":310,"template":"","meta":[],"product_brand":[],"product_cat":[25],"product_tag":[],"class_list":{"0":"post-309","1":"product","2":"type-product","3":"status-publish","4":"has-post-thumbnail","6":"product_cat-salong","7":"pa_kogus-500ml","8":"_wholesalex wsx-wholesalex-product","10":"first","11":"instock","12":"featured","13":"taxable","14":"shipping-taxable","15":"purchasable","16":"product-type-simple"},"yoast_head":"<!-- This site is optimized with the Yoast SEO plugin v24.5 - https:\/\/yoast.com\/wordpress\/plugins\/seo\/ -->\n<title>I1 Smart Fabric AB, riidest pindade kaitseaine | Stalla e-pood<\/title>\n<meta name=\"robots\" content=\"index, follow, max-snippet:-1, max-image-preview:large, max-video-preview:-1\" \/>\n<link rel=\"canonical\" href=\"https:\/\/stalla.ee\/pood\/toode\/i1-smart-fabric-ab\/\" \/>\n<meta property=\"og:locale\" content=\"et_EE\" \/>\n<meta property=\"og:type\" content=\"article\" \/>\n<meta property=\"og:title\" content=\"I1 Smart Fabric AB, riidest pindade kaitseaine | Stalla e-pood\" \/>\n<meta property=\"og:description\" content=\"I1 Smart Fabric AB, tekstiilpindade kaitseaine.\" \/>\n<meta property=\"og:url\" content=\"https:\/\/stalla.ee\/pood\/toode\/i1-smart-fabric-ab\/\" \/>\n<meta property=\"og:site_name\" content=\"Stalla e-pood\" \/>\n<meta property=\"article:publisher\" content=\"https:\/\/www.facebook.com\/stalla.eesti\" \/>\n<meta property=\"article:modified_time\" content=\"2024-11-22T15:35:05+00:00\" \/>\n<meta property=\"og:image\" content=\"https:\/\/stalla.ee\/pood\/wp-content\/uploads\/2024\/03\/Smart-Fabric-AB-500ml.webp\" \/>\n\t<meta property=\"og:image:width\" content=\"1080\" \/>\n\t<meta property=\"og:image:height\" content=\"866\" \/>\n\t<meta property=\"og:image:type\" content=\"image\/webp\" \/>\n<meta name=\"twitter:card\" content=\"summary_large_image\" \/>\n<meta name=\"twitter:label1\" content=\"Est. reading time\" \/>\n\t<meta name=\"twitter:data1\" content=\"1 minut\" \/>\n<script type=\"application\/ld+json\" class=\"yoast-schema-graph\">{\"@context\":\"https:\/\/schema.org\",\"@graph\":[{\"@type\":\"WebPage\",\"@id\":\"https:\/\/stalla.ee\/pood\/toode\/i1-smart-fabric-ab\/\",\"url\":\"https:\/\/stalla.ee\/pood\/toode\/i1-smart-fabric-ab\/\",\"name\":\"I1 Smart Fabric AB, riidest pindade kaitseaine | Stalla e-pood\",\"isPartOf\":{\"@id\":\"https:\/\/stalla.ee\/pood\/#website\"},\"primaryImageOfPage\":{\"@id\":\"https:\/\/stalla.ee\/pood\/toode\/i1-smart-fabric-ab\/#primaryimage\"},\"image\":{\"@id\":\"https:\/\/stalla.ee\/pood\/toode\/i1-smart-fabric-ab\/#primaryimage\"},\"thumbnailUrl\":\"https:\/\/stalla.ee\/pood\/wp-content\/uploads\/2024\/03\/Smart-Fabric-AB-500ml.webp\",\"datePublished\":\"2024-03-07T17:03:39+00:00\",\"dateModified\":\"2024-11-22T15:35:05+00:00\",\"breadcrumb\":{\"@id\":\"https:\/\/stalla.ee\/pood\/toode\/i1-smart-fabric-ab\/#breadcrumb\"},\"inLanguage\":\"et\",\"potentialAction\":[{\"@type\":\"ReadAction\",\"target\":[\"https:\/\/stalla.ee\/pood\/toode\/i1-smart-fabric-ab\/\"]}]},{\"@type\":\"ImageObject\",\"inLanguage\":\"et\",\"@id\":\"https:\/\/stalla.ee\/pood\/toode\/i1-smart-fabric-ab\/#primaryimage\",\"url\":\"https:\/\/stalla.ee\/pood\/wp-content\/uploads\/2024\/03\/Smart-Fabric-AB-500ml.webp\",\"contentUrl\":\"https:\/\/stalla.ee\/pood\/wp-content\/uploads\/2024\/03\/Smart-Fabric-AB-500ml.webp\",\"width\":1080,\"height\":866},{\"@type\":\"BreadcrumbList\",\"@id\":\"https:\/\/stalla.ee\/pood\/toode\/i1-smart-fabric-ab\/#breadcrumb\",\"itemListElement\":[{\"@type\":\"ListItem\",\"position\":1,\"name\":\"Esileht\",\"item\":\"https:\/\/stalla.ee\/pood\/\"},{\"@type\":\"ListItem\",\"position\":2,\"name\":\"Pood\",\"item\":\"https:\/\/stalla.ee\/pood\/tooted\/\"},{\"@type\":\"ListItem\",\"position\":3,\"name\":\"I1 Smart Fabric AB, riidest pindade kaitseaine\"}]},{\"@type\":\"WebSite\",\"@id\":\"https:\/\/stalla.ee\/pood\/#website\",\"url\":\"https:\/\/stalla.ee\/pood\/\",\"name\":\"Stalla e-pood\",\"description\":\"Pinnat\u00f6\u00f6tlus, salongi ja v\u00e4lihooldustarvikud\",\"publisher\":{\"@id\":\"https:\/\/stalla.ee\/pood\/#organization\"},\"potentialAction\":[{\"@type\":\"SearchAction\",\"target\":{\"@type\":\"EntryPoint\",\"urlTemplate\":\"https:\/\/stalla.ee\/pood\/?s={search_term_string}\"},\"query-input\":{\"@type\":\"PropertyValueSpecification\",\"valueRequired\":true,\"valueName\":\"search_term_string\"}}],\"inLanguage\":\"et\"},{\"@type\":\"Organization\",\"@id\":\"https:\/\/stalla.ee\/pood\/#organization\",\"name\":\"Stalla O\u00dc\",\"url\":\"https:\/\/stalla.ee\/pood\/\",\"logo\":{\"@type\":\"ImageObject\",\"inLanguage\":\"et\",\"@id\":\"https:\/\/stalla.ee\/pood\/#\/schema\/logo\/image\/\",\"url\":\"https:\/\/stalla.ee\/pood\/wp-content\/uploads\/2024\/03\/Stalla_logo_ikoon_must.png\",\"contentUrl\":\"https:\/\/stalla.ee\/pood\/wp-content\/uploads\/2024\/03\/Stalla_logo_ikoon_must.png\",\"width\":1200,\"height\":1092,\"caption\":\"Stalla O\u00dc\"},\"image\":{\"@id\":\"https:\/\/stalla.ee\/pood\/#\/schema\/logo\/image\/\"},\"sameAs\":[\"https:\/\/www.facebook.com\/stalla.eesti\"]}]}<\/script>\n<!-- \/ Yoast SEO plugin. -->","yoast_head_json":{"title":"I1 Smart Fabric AB, riidest pindade kaitseaine | Stalla e-pood","robots":{"index":"index","follow":"follow","max-snippet":"max-snippet:-1","max-image-preview":"max-image-preview:large","max-video-preview":"max-video-preview:-1"},"canonical":"https:\/\/stalla.ee\/pood\/toode\/i1-smart-fabric-ab\/","og_locale":"et_EE","og_type":"article","og_title":"I1 Smart Fabric AB, riidest pindade kaitseaine | Stalla e-pood","og_description":"I1 Smart Fabric AB, tekstiilpindade kaitseaine.","og_url":"https:\/\/stalla.ee\/pood\/toode\/i1-smart-fabric-ab\/","og_site_name":"Stalla e-pood","article_publisher":"https:\/\/www.facebook.com\/stalla.eesti","article_modified_time":"2024-11-22T15:35:05+00:00","og_image":[{"width":1080,"height":866,"url":"https:\/\/stalla.ee\/pood\/wp-content\/uploads\/2024\/03\/Smart-Fabric-AB-500ml.webp","type":"image\/webp"}],"twitter_card":"summary_large_image","twitter_misc":{"Est. reading time":"1 minut"},"schema":{"@context":"https:\/\/schema.org","@graph":[{"@type":"WebPage","@id":"https:\/\/stalla.ee\/pood\/toode\/i1-smart-fabric-ab\/","url":"https:\/\/stalla.ee\/pood\/toode\/i1-smart-fabric-ab\/","name":"I1 Smart Fabric AB, riidest pindade kaitseaine | Stalla e-pood","isPartOf":{"@id":"https:\/\/stalla.ee\/pood\/#website"},"primaryImageOfPage":{"@id":"https:\/\/stalla.ee\/pood\/toode\/i1-smart-fabric-ab\/#primaryimage"},"image":{"@id":"https:\/\/stalla.ee\/pood\/toode\/i1-smart-fabric-ab\/#primaryimage"},"thumbnailUrl":"https:\/\/stalla.ee\/pood\/wp-content\/uploads\/2024\/03\/Smart-Fabric-AB-500ml.webp","datePublished":"2024-03-07T17:03:39+00:00","dateModified":"2024-11-22T15:35:05+00:00","breadcrumb":{"@id":"https:\/\/stalla.ee\/pood\/toode\/i1-smart-fabric-ab\/#breadcrumb"},"inLanguage":"et","potentialAction":[{"@type":"ReadAction","target":["https:\/\/stalla.ee\/pood\/toode\/i1-smart-fabric-ab\/"]}]},{"@type":"ImageObject","inLanguage":"et","@id":"https:\/\/stalla.ee\/pood\/toode\/i1-smart-fabric-ab\/#primaryimage","url":"https:\/\/stalla.ee\/pood\/wp-content\/uploads\/2024\/03\/Smart-Fabric-AB-500ml.webp","contentUrl":"https:\/\/stalla.ee\/pood\/wp-content\/uploads\/2024\/03\/Smart-Fabric-AB-500ml.webp","width":1080,"height":866},{"@type":"BreadcrumbList","@id":"https:\/\/stalla.ee\/pood\/toode\/i1-smart-fabric-ab\/#breadcrumb","itemListElement":[{"@type":"ListItem","position":1,"name":"Esileht","item":"https:\/\/stalla.ee\/pood\/"},{"@type":"ListItem","position":2,"name":"Pood","item":"https:\/\/stalla.ee\/pood\/tooted\/"},{"@type":"ListItem","position":3,"name":"I1 Smart Fabric AB, riidest pindade kaitseaine"}]},{"@type":"WebSite","@id":"https:\/\/stalla.ee\/pood\/#website","url":"https:\/\/stalla.ee\/pood\/","name":"Stalla e-pood","description":"Pinnat\u00f6\u00f6tlus, salongi ja v\u00e4lihooldustarvikud","publisher":{"@id":"https:\/\/stalla.ee\/pood\/#organization"},"potentialAction":[{"@type":"SearchAction","target":{"@type":"EntryPoint","urlTemplate":"https:\/\/stalla.ee\/pood\/?s={search_term_string}"},"query-input":{"@type":"PropertyValueSpecification","valueRequired":true,"valueName":"search_term_string"}}],"inLanguage":"et"},{"@type":"Organization","@id":"https:\/\/stalla.ee\/pood\/#organization","name":"Stalla O\u00dc","url":"https:\/\/stalla.ee\/pood\/","logo":{"@type":"ImageObject","inLanguage":"et","@id":"https:\/\/stalla.ee\/pood\/#\/schema\/logo\/image\/","url":"https:\/\/stalla.ee\/pood\/wp-content\/uploads\/2024\/03\/Stalla_logo_ikoon_must.png","contentUrl":"https:\/\/stalla.ee\/pood\/wp-content\/uploads\/2024\/03\/Stalla_logo_ikoon_must.png","width":1200,"height":1092,"caption":"Stalla O\u00dc"},"image":{"@id":"https:\/\/stalla.ee\/pood\/#\/schema\/logo\/image\/"},"sameAs":["https:\/\/www.facebook.com\/stalla.eesti"]}]}},"_links":{"self":[{"href":"https:\/\/stalla.ee\/pood\/wp-json\/wp\/v2\/product\/309","targetHints":{"allow":["GET"]}}],"collection":[{"href":"https:\/\/stalla.ee\/pood\/wp-json\/wp\/v2\/product"}],"about":[{"href":"https:\/\/stalla.ee\/pood\/wp-json\/wp\/v2\/types\/product"}],"wp:featuredmedia":[{"embeddable":true,"href":"https:\/\/stalla.ee\/pood\/wp-json\/wp\/v2\/media\/310"}],"wp:attachment":[{"href":"https:\/\/stalla.ee\/pood\/wp-json\/wp\/v2\/media?parent=309"}],"wp:term":[{"taxonomy":"product_brand","embeddable":true,"href":"https:\/\/stalla.ee\/pood\/wp-json\/wp\/v2\/product_brand?post=309"},{"taxonomy":"product_cat","embeddable":true,"href":"https:\/\/stalla.ee\/pood\/wp-json\/wp\/v2\/product_cat?post=309"},{"taxonomy":"product_tag","embeddable":true,"href":"https:\/\/stalla.ee\/pood\/wp-json\/wp\/v2\/product_tag?post=309"}],"curies":[{"name":"wp","href":"https:\/\/api.w.org\/{rel}","templated":true}]}}