{"id":470,"date":"2024-03-08T11:51:11","date_gmt":"2024-03-08T09:51:11","guid":{"rendered":"https:\/\/stalla.ee\/pood\/toode\/ceramic-fast-coat\/"},"modified":"2024-09-16T15:52:29","modified_gmt":"2024-09-16T12:52:29","slug":"ceramic-fast-coat","status":"publish","type":"product","link":"https:\/\/stalla.ee\/pood\/toode\/ceramic-fast-coat\/","title":{"rendered":"Ceramic Fast Coat, keraamikat sisaldav pinnakaitse vahend"},"content":{"rendered":"<p>Ceramic Fast Coat on kerge pealekanda, ei j\u00e4ta pinnale rasvast kihti, vaid t\u00f5stab l\u00e4iget. Peale kantuna aitab t\u00f5rjuda pinnalt vett ja mustust ning muudab plekkide eemaldamise lihtsamaks. Sobib kasutamiseks k\u00f5igil v\u00e4lipindadel ning ei riku Gtechniq pinnat\u00f6\u00f6tlusi. Looduss\u00f5bralik.<\/p>\n","protected":false},"excerpt":{"rendered":"<p>Ceramic Fast Coat ei muutu pinnal kollakaks ja kaitseb kuni 6-kuud UV kiirguste eest.<\/p>\n","protected":false},"featured_media":471,"template":"","meta":[],"product_brand":[],"product_cat":[56],"product_tag":[],"class_list":{"0":"post-470","1":"product","2":"type-product","3":"status-publish","4":"has-post-thumbnail","6":"product_cat-marine","7":"pa_kogus-500ml","8":"_wholesalex wsx-wholesalex-product","10":"first","11":"instock","12":"taxable","13":"shipping-taxable","14":"purchasable","15":"product-type-simple"},"yoast_head":"<!-- This site is optimized with the Yoast SEO plugin v24.5 - https:\/\/yoast.com\/wordpress\/plugins\/seo\/ -->\n<title>Ceramic Fast Coat, keraamikat sisaldav pinnakaitse vahend | Stalla e-pood<\/title>\n<meta name=\"robots\" content=\"index, follow, max-snippet:-1, max-image-preview:large, max-video-preview:-1\" \/>\n<link rel=\"canonical\" href=\"https:\/\/stalla.ee\/pood\/toode\/ceramic-fast-coat\/\" \/>\n<meta property=\"og:locale\" content=\"et_EE\" \/>\n<meta property=\"og:type\" content=\"article\" \/>\n<meta property=\"og:title\" content=\"Ceramic Fast Coat, keraamikat sisaldav pinnakaitse vahend | Stalla e-pood\" \/>\n<meta property=\"og:description\" content=\"Ceramic Fast Coat ei muutu pinnal kollakaks ja kaitseb kuni 6-kuud UV kiirguste eest.\" \/>\n<meta property=\"og:url\" content=\"https:\/\/stalla.ee\/pood\/toode\/ceramic-fast-coat\/\" \/>\n<meta property=\"og:site_name\" content=\"Stalla e-pood\" \/>\n<meta property=\"article:publisher\" content=\"https:\/\/www.facebook.com\/stalla.eesti\" \/>\n<meta property=\"article:modified_time\" content=\"2024-09-16T12:52:29+00:00\" \/>\n<meta property=\"og:image\" content=\"https:\/\/stalla.ee\/pood\/wp-content\/uploads\/2024\/03\/Ceramic-Fast-Coat.webp\" \/>\n\t<meta property=\"og:image:width\" content=\"800\" \/>\n\t<meta property=\"og:image:height\" content=\"641\" \/>\n\t<meta property=\"og:image:type\" content=\"image\/webp\" \/>\n<meta name=\"twitter:card\" content=\"summary_large_image\" \/>\n<meta name=\"twitter:label1\" content=\"Est. reading time\" \/>\n\t<meta name=\"twitter:data1\" content=\"1 minut\" \/>\n<script type=\"application\/ld+json\" class=\"yoast-schema-graph\">{\"@context\":\"https:\/\/schema.org\",\"@graph\":[{\"@type\":\"WebPage\",\"@id\":\"https:\/\/stalla.ee\/pood\/toode\/ceramic-fast-coat\/\",\"url\":\"https:\/\/stalla.ee\/pood\/toode\/ceramic-fast-coat\/\",\"name\":\"Ceramic Fast Coat, keraamikat sisaldav pinnakaitse vahend | Stalla e-pood\",\"isPartOf\":{\"@id\":\"https:\/\/stalla.ee\/pood\/#website\"},\"primaryImageOfPage\":{\"@id\":\"https:\/\/stalla.ee\/pood\/toode\/ceramic-fast-coat\/#primaryimage\"},\"image\":{\"@id\":\"https:\/\/stalla.ee\/pood\/toode\/ceramic-fast-coat\/#primaryimage\"},\"thumbnailUrl\":\"https:\/\/stalla.ee\/pood\/wp-content\/uploads\/2024\/03\/Ceramic-Fast-Coat.webp\",\"datePublished\":\"2024-03-08T09:51:11+00:00\",\"dateModified\":\"2024-09-16T12:52:29+00:00\",\"breadcrumb\":{\"@id\":\"https:\/\/stalla.ee\/pood\/toode\/ceramic-fast-coat\/#breadcrumb\"},\"inLanguage\":\"et\",\"potentialAction\":[{\"@type\":\"ReadAction\",\"target\":[\"https:\/\/stalla.ee\/pood\/toode\/ceramic-fast-coat\/\"]}]},{\"@type\":\"ImageObject\",\"inLanguage\":\"et\",\"@id\":\"https:\/\/stalla.ee\/pood\/toode\/ceramic-fast-coat\/#primaryimage\",\"url\":\"https:\/\/stalla.ee\/pood\/wp-content\/uploads\/2024\/03\/Ceramic-Fast-Coat.webp\",\"contentUrl\":\"https:\/\/stalla.ee\/pood\/wp-content\/uploads\/2024\/03\/Ceramic-Fast-Coat.webp\",\"width\":800,\"height\":641},{\"@type\":\"BreadcrumbList\",\"@id\":\"https:\/\/stalla.ee\/pood\/toode\/ceramic-fast-coat\/#breadcrumb\",\"itemListElement\":[{\"@type\":\"ListItem\",\"position\":1,\"name\":\"Esileht\",\"item\":\"https:\/\/stalla.ee\/pood\/\"},{\"@type\":\"ListItem\",\"position\":2,\"name\":\"Pood\",\"item\":\"https:\/\/stalla.ee\/pood\/tooted\/\"},{\"@type\":\"ListItem\",\"position\":3,\"name\":\"Ceramic Fast Coat, keraamikat sisaldav pinnakaitse vahend\"}]},{\"@type\":\"WebSite\",\"@id\":\"https:\/\/stalla.ee\/pood\/#website\",\"url\":\"https:\/\/stalla.ee\/pood\/\",\"name\":\"Stalla e-pood\",\"description\":\"Pinnat\u00f6\u00f6tlus, salongi ja v\u00e4lihooldustarvikud\",\"publisher\":{\"@id\":\"https:\/\/stalla.ee\/pood\/#organization\"},\"potentialAction\":[{\"@type\":\"SearchAction\",\"target\":{\"@type\":\"EntryPoint\",\"urlTemplate\":\"https:\/\/stalla.ee\/pood\/?s={search_term_string}\"},\"query-input\":{\"@type\":\"PropertyValueSpecification\",\"valueRequired\":true,\"valueName\":\"search_term_string\"}}],\"inLanguage\":\"et\"},{\"@type\":\"Organization\",\"@id\":\"https:\/\/stalla.ee\/pood\/#organization\",\"name\":\"Stalla O\u00dc\",\"url\":\"https:\/\/stalla.ee\/pood\/\",\"logo\":{\"@type\":\"ImageObject\",\"inLanguage\":\"et\",\"@id\":\"https:\/\/stalla.ee\/pood\/#\/schema\/logo\/image\/\",\"url\":\"https:\/\/stalla.ee\/pood\/wp-content\/uploads\/2024\/03\/Stalla_logo_ikoon_must.png\",\"contentUrl\":\"https:\/\/stalla.ee\/pood\/wp-content\/uploads\/2024\/03\/Stalla_logo_ikoon_must.png\",\"width\":1200,\"height\":1092,\"caption\":\"Stalla O\u00dc\"},\"image\":{\"@id\":\"https:\/\/stalla.ee\/pood\/#\/schema\/logo\/image\/\"},\"sameAs\":[\"https:\/\/www.facebook.com\/stalla.eesti\"]}]}<\/script>\n<!-- \/ Yoast SEO plugin. -->","yoast_head_json":{"title":"Ceramic Fast Coat, keraamikat sisaldav pinnakaitse vahend | Stalla e-pood","robots":{"index":"index","follow":"follow","max-snippet":"max-snippet:-1","max-image-preview":"max-image-preview:large","max-video-preview":"max-video-preview:-1"},"canonical":"https:\/\/stalla.ee\/pood\/toode\/ceramic-fast-coat\/","og_locale":"et_EE","og_type":"article","og_title":"Ceramic Fast Coat, keraamikat sisaldav pinnakaitse vahend | Stalla e-pood","og_description":"Ceramic Fast Coat ei muutu pinnal kollakaks ja kaitseb kuni 6-kuud UV kiirguste eest.","og_url":"https:\/\/stalla.ee\/pood\/toode\/ceramic-fast-coat\/","og_site_name":"Stalla e-pood","article_publisher":"https:\/\/www.facebook.com\/stalla.eesti","article_modified_time":"2024-09-16T12:52:29+00:00","og_image":[{"width":800,"height":641,"url":"https:\/\/stalla.ee\/pood\/wp-content\/uploads\/2024\/03\/Ceramic-Fast-Coat.webp","type":"image\/webp"}],"twitter_card":"summary_large_image","twitter_misc":{"Est. reading time":"1 minut"},"schema":{"@context":"https:\/\/schema.org","@graph":[{"@type":"WebPage","@id":"https:\/\/stalla.ee\/pood\/toode\/ceramic-fast-coat\/","url":"https:\/\/stalla.ee\/pood\/toode\/ceramic-fast-coat\/","name":"Ceramic Fast Coat, keraamikat sisaldav pinnakaitse vahend | Stalla e-pood","isPartOf":{"@id":"https:\/\/stalla.ee\/pood\/#website"},"primaryImageOfPage":{"@id":"https:\/\/stalla.ee\/pood\/toode\/ceramic-fast-coat\/#primaryimage"},"image":{"@id":"https:\/\/stalla.ee\/pood\/toode\/ceramic-fast-coat\/#primaryimage"},"thumbnailUrl":"https:\/\/stalla.ee\/pood\/wp-content\/uploads\/2024\/03\/Ceramic-Fast-Coat.webp","datePublished":"2024-03-08T09:51:11+00:00","dateModified":"2024-09-16T12:52:29+00:00","breadcrumb":{"@id":"https:\/\/stalla.ee\/pood\/toode\/ceramic-fast-coat\/#breadcrumb"},"inLanguage":"et","potentialAction":[{"@type":"ReadAction","target":["https:\/\/stalla.ee\/pood\/toode\/ceramic-fast-coat\/"]}]},{"@type":"ImageObject","inLanguage":"et","@id":"https:\/\/stalla.ee\/pood\/toode\/ceramic-fast-coat\/#primaryimage","url":"https:\/\/stalla.ee\/pood\/wp-content\/uploads\/2024\/03\/Ceramic-Fast-Coat.webp","contentUrl":"https:\/\/stalla.ee\/pood\/wp-content\/uploads\/2024\/03\/Ceramic-Fast-Coat.webp","width":800,"height":641},{"@type":"BreadcrumbList","@id":"https:\/\/stalla.ee\/pood\/toode\/ceramic-fast-coat\/#breadcrumb","itemListElement":[{"@type":"ListItem","position":1,"name":"Esileht","item":"https:\/\/stalla.ee\/pood\/"},{"@type":"ListItem","position":2,"name":"Pood","item":"https:\/\/stalla.ee\/pood\/tooted\/"},{"@type":"ListItem","position":3,"name":"Ceramic Fast Coat, keraamikat sisaldav pinnakaitse vahend"}]},{"@type":"WebSite","@id":"https:\/\/stalla.ee\/pood\/#website","url":"https:\/\/stalla.ee\/pood\/","name":"Stalla e-pood","description":"Pinnat\u00f6\u00f6tlus, salongi ja v\u00e4lihooldustarvikud","publisher":{"@id":"https:\/\/stalla.ee\/pood\/#organization"},"potentialAction":[{"@type":"SearchAction","target":{"@type":"EntryPoint","urlTemplate":"https:\/\/stalla.ee\/pood\/?s={search_term_string}"},"query-input":{"@type":"PropertyValueSpecification","valueRequired":true,"valueName":"search_term_string"}}],"inLanguage":"et"},{"@type":"Organization","@id":"https:\/\/stalla.ee\/pood\/#organization","name":"Stalla O\u00dc","url":"https:\/\/stalla.ee\/pood\/","logo":{"@type":"ImageObject","inLanguage":"et","@id":"https:\/\/stalla.ee\/pood\/#\/schema\/logo\/image\/","url":"https:\/\/stalla.ee\/pood\/wp-content\/uploads\/2024\/03\/Stalla_logo_ikoon_must.png","contentUrl":"https:\/\/stalla.ee\/pood\/wp-content\/uploads\/2024\/03\/Stalla_logo_ikoon_must.png","width":1200,"height":1092,"caption":"Stalla O\u00dc"},"image":{"@id":"https:\/\/stalla.ee\/pood\/#\/schema\/logo\/image\/"},"sameAs":["https:\/\/www.facebook.com\/stalla.eesti"]}]}},"_links":{"self":[{"href":"https:\/\/stalla.ee\/pood\/wp-json\/wp\/v2\/product\/470","targetHints":{"allow":["GET"]}}],"collection":[{"href":"https:\/\/stalla.ee\/pood\/wp-json\/wp\/v2\/product"}],"about":[{"href":"https:\/\/stalla.ee\/pood\/wp-json\/wp\/v2\/types\/product"}],"wp:featuredmedia":[{"embeddable":true,"href":"https:\/\/stalla.ee\/pood\/wp-json\/wp\/v2\/media\/471"}],"wp:attachment":[{"href":"https:\/\/stalla.ee\/pood\/wp-json\/wp\/v2\/media?parent=470"}],"wp:term":[{"taxonomy":"product_brand","embeddable":true,"href":"https:\/\/stalla.ee\/pood\/wp-json\/wp\/v2\/product_brand?post=470"},{"taxonomy":"product_cat","embeddable":true,"href":"https:\/\/stalla.ee\/pood\/wp-json\/wp\/v2\/product_cat?post=470"},{"taxonomy":"product_tag","embeddable":true,"href":"https:\/\/stalla.ee\/pood\/wp-json\/wp\/v2\/product_tag?post=470"}],"curies":[{"name":"wp","href":"https:\/\/api.w.org\/{rel}","templated":true}]}}