{"id":640,"date":"2024-04-02T18:07:50","date_gmt":"2024-04-02T15:07:50","guid":{"rendered":"https:\/\/stalla.ee\/pood\/?post_type=product&#038;p=640"},"modified":"2024-12-04T14:24:22","modified_gmt":"2024-12-04T12:24:22","slug":"mf4-mikrofiiber-kuivatusratik","status":"publish","type":"product","link":"https:\/\/stalla.ee\/pood\/toode\/mf4-mikrofiiber-kuivatusratik\/","title":{"rendered":"MF4 Mikrofiiber kuivatusr\u00e4tik"},"content":{"rendered":"<p>MF4 on oluliselt pehmem ja vettimavam, kui teised mikrofiiber v\u00f5i nahksed kuivatuslapid.<\/p>\n<p>MF4 on v\u00e4ga vastupidav ja pehme, seega ei pea muretsema lapi kiire kulumise p\u00e4rast. Lisaks saab MF4 r\u00e4tikut ka vajadusel kuivaks v\u00e4\u00e4nata.<\/p>\n<p>&nbsp;<\/p>\n","protected":false},"excerpt":{"rendered":"<p>Ei j\u00e4ta kuivatamisel triipe.<\/p>\n<p>Saab v\u00e4lja v\u00e4\u00e4nata.<\/p>\n<p>Pehme ja v\u00e4ga h\u00e4sti vett imav.<\/p>\n","protected":false},"featured_media":641,"template":"","meta":[],"product_brand":[],"product_cat":[34,48],"product_tag":[],"class_list":{"0":"post-640","1":"product","2":"type-product","3":"status-publish","4":"has-post-thumbnail","6":"product_cat-tarvikud","7":"product_cat-valihooldus","8":"pa_kogus-1tk","9":"pa_kogus-pakk-6tk","10":"_wholesalex wsx-wholesalex-product","12":"first","13":"instock","14":"taxable","15":"shipping-taxable","16":"purchasable","17":"product-type-variable"},"yoast_head":"<!-- This site is optimized with the Yoast SEO plugin v24.5 - https:\/\/yoast.com\/wordpress\/plugins\/seo\/ -->\n<title>MF4 Mikrofiiber kuivatusr\u00e4tik | Stalla e-pood<\/title>\n<meta name=\"robots\" content=\"index, follow, max-snippet:-1, max-image-preview:large, max-video-preview:-1\" \/>\n<link rel=\"canonical\" href=\"https:\/\/stalla.ee\/pood\/toode\/mf4-mikrofiiber-kuivatusratik\/\" \/>\n<meta property=\"og:locale\" content=\"et_EE\" \/>\n<meta property=\"og:type\" content=\"article\" \/>\n<meta property=\"og:title\" content=\"MF4 Mikrofiiber kuivatusr\u00e4tik | Stalla e-pood\" \/>\n<meta property=\"og:description\" content=\"Ei j\u00e4ta kuivatamisel triipe. Saab v\u00e4lja v\u00e4\u00e4nata. Pehme ja v\u00e4ga h\u00e4sti vett imav.\" \/>\n<meta property=\"og:url\" content=\"https:\/\/stalla.ee\/pood\/toode\/mf4-mikrofiiber-kuivatusratik\/\" \/>\n<meta property=\"og:site_name\" content=\"Stalla e-pood\" \/>\n<meta property=\"article:publisher\" content=\"https:\/\/www.facebook.com\/stalla.eesti\" \/>\n<meta property=\"article:modified_time\" content=\"2024-12-04T12:24:22+00:00\" \/>\n<meta property=\"og:image\" content=\"https:\/\/stalla.ee\/pood\/wp-content\/uploads\/2024\/04\/mf4.webp\" \/>\n\t<meta property=\"og:image:width\" content=\"800\" \/>\n\t<meta property=\"og:image:height\" content=\"641\" \/>\n\t<meta property=\"og:image:type\" content=\"image\/webp\" \/>\n<meta name=\"twitter:card\" content=\"summary_large_image\" \/>\n<meta name=\"twitter:label1\" content=\"Est. reading time\" \/>\n\t<meta name=\"twitter:data1\" content=\"1 minut\" \/>\n<script type=\"application\/ld+json\" class=\"yoast-schema-graph\">{\"@context\":\"https:\/\/schema.org\",\"@graph\":[{\"@type\":\"WebPage\",\"@id\":\"https:\/\/stalla.ee\/pood\/toode\/mf4-mikrofiiber-kuivatusratik\/\",\"url\":\"https:\/\/stalla.ee\/pood\/toode\/mf4-mikrofiiber-kuivatusratik\/\",\"name\":\"MF4 Mikrofiiber kuivatusr\u00e4tik | Stalla e-pood\",\"isPartOf\":{\"@id\":\"https:\/\/stalla.ee\/pood\/#website\"},\"primaryImageOfPage\":{\"@id\":\"https:\/\/stalla.ee\/pood\/toode\/mf4-mikrofiiber-kuivatusratik\/#primaryimage\"},\"image\":{\"@id\":\"https:\/\/stalla.ee\/pood\/toode\/mf4-mikrofiiber-kuivatusratik\/#primaryimage\"},\"thumbnailUrl\":\"https:\/\/stalla.ee\/pood\/wp-content\/uploads\/2024\/04\/mf4.webp\",\"datePublished\":\"2024-04-02T15:07:50+00:00\",\"dateModified\":\"2024-12-04T12:24:22+00:00\",\"breadcrumb\":{\"@id\":\"https:\/\/stalla.ee\/pood\/toode\/mf4-mikrofiiber-kuivatusratik\/#breadcrumb\"},\"inLanguage\":\"et\",\"potentialAction\":[{\"@type\":\"ReadAction\",\"target\":[\"https:\/\/stalla.ee\/pood\/toode\/mf4-mikrofiiber-kuivatusratik\/\"]}]},{\"@type\":\"ImageObject\",\"inLanguage\":\"et\",\"@id\":\"https:\/\/stalla.ee\/pood\/toode\/mf4-mikrofiiber-kuivatusratik\/#primaryimage\",\"url\":\"https:\/\/stalla.ee\/pood\/wp-content\/uploads\/2024\/04\/mf4.webp\",\"contentUrl\":\"https:\/\/stalla.ee\/pood\/wp-content\/uploads\/2024\/04\/mf4.webp\",\"width\":800,\"height\":641,\"caption\":\"Mikrokiudlapp\"},{\"@type\":\"BreadcrumbList\",\"@id\":\"https:\/\/stalla.ee\/pood\/toode\/mf4-mikrofiiber-kuivatusratik\/#breadcrumb\",\"itemListElement\":[{\"@type\":\"ListItem\",\"position\":1,\"name\":\"Esileht\",\"item\":\"https:\/\/stalla.ee\/pood\/\"},{\"@type\":\"ListItem\",\"position\":2,\"name\":\"Pood\",\"item\":\"https:\/\/stalla.ee\/pood\/tooted\/\"},{\"@type\":\"ListItem\",\"position\":3,\"name\":\"MF4 Mikrofiiber kuivatusr\u00e4tik\"}]},{\"@type\":\"WebSite\",\"@id\":\"https:\/\/stalla.ee\/pood\/#website\",\"url\":\"https:\/\/stalla.ee\/pood\/\",\"name\":\"Stalla e-pood\",\"description\":\"Pinnat\u00f6\u00f6tlus, salongi ja v\u00e4lihooldustarvikud\",\"publisher\":{\"@id\":\"https:\/\/stalla.ee\/pood\/#organization\"},\"potentialAction\":[{\"@type\":\"SearchAction\",\"target\":{\"@type\":\"EntryPoint\",\"urlTemplate\":\"https:\/\/stalla.ee\/pood\/?s={search_term_string}\"},\"query-input\":{\"@type\":\"PropertyValueSpecification\",\"valueRequired\":true,\"valueName\":\"search_term_string\"}}],\"inLanguage\":\"et\"},{\"@type\":\"Organization\",\"@id\":\"https:\/\/stalla.ee\/pood\/#organization\",\"name\":\"Stalla O\u00dc\",\"url\":\"https:\/\/stalla.ee\/pood\/\",\"logo\":{\"@type\":\"ImageObject\",\"inLanguage\":\"et\",\"@id\":\"https:\/\/stalla.ee\/pood\/#\/schema\/logo\/image\/\",\"url\":\"https:\/\/stalla.ee\/pood\/wp-content\/uploads\/2024\/03\/Stalla_logo_ikoon_must.png\",\"contentUrl\":\"https:\/\/stalla.ee\/pood\/wp-content\/uploads\/2024\/03\/Stalla_logo_ikoon_must.png\",\"width\":1200,\"height\":1092,\"caption\":\"Stalla O\u00dc\"},\"image\":{\"@id\":\"https:\/\/stalla.ee\/pood\/#\/schema\/logo\/image\/\"},\"sameAs\":[\"https:\/\/www.facebook.com\/stalla.eesti\"]}]}<\/script>\n<!-- \/ Yoast SEO plugin. -->","yoast_head_json":{"title":"MF4 Mikrofiiber kuivatusr\u00e4tik | Stalla e-pood","robots":{"index":"index","follow":"follow","max-snippet":"max-snippet:-1","max-image-preview":"max-image-preview:large","max-video-preview":"max-video-preview:-1"},"canonical":"https:\/\/stalla.ee\/pood\/toode\/mf4-mikrofiiber-kuivatusratik\/","og_locale":"et_EE","og_type":"article","og_title":"MF4 Mikrofiiber kuivatusr\u00e4tik | Stalla e-pood","og_description":"Ei j\u00e4ta kuivatamisel triipe. Saab v\u00e4lja v\u00e4\u00e4nata. Pehme ja v\u00e4ga h\u00e4sti vett imav.","og_url":"https:\/\/stalla.ee\/pood\/toode\/mf4-mikrofiiber-kuivatusratik\/","og_site_name":"Stalla e-pood","article_publisher":"https:\/\/www.facebook.com\/stalla.eesti","article_modified_time":"2024-12-04T12:24:22+00:00","og_image":[{"width":800,"height":641,"url":"https:\/\/stalla.ee\/pood\/wp-content\/uploads\/2024\/04\/mf4.webp","type":"image\/webp"}],"twitter_card":"summary_large_image","twitter_misc":{"Est. reading time":"1 minut"},"schema":{"@context":"https:\/\/schema.org","@graph":[{"@type":"WebPage","@id":"https:\/\/stalla.ee\/pood\/toode\/mf4-mikrofiiber-kuivatusratik\/","url":"https:\/\/stalla.ee\/pood\/toode\/mf4-mikrofiiber-kuivatusratik\/","name":"MF4 Mikrofiiber kuivatusr\u00e4tik | Stalla e-pood","isPartOf":{"@id":"https:\/\/stalla.ee\/pood\/#website"},"primaryImageOfPage":{"@id":"https:\/\/stalla.ee\/pood\/toode\/mf4-mikrofiiber-kuivatusratik\/#primaryimage"},"image":{"@id":"https:\/\/stalla.ee\/pood\/toode\/mf4-mikrofiiber-kuivatusratik\/#primaryimage"},"thumbnailUrl":"https:\/\/stalla.ee\/pood\/wp-content\/uploads\/2024\/04\/mf4.webp","datePublished":"2024-04-02T15:07:50+00:00","dateModified":"2024-12-04T12:24:22+00:00","breadcrumb":{"@id":"https:\/\/stalla.ee\/pood\/toode\/mf4-mikrofiiber-kuivatusratik\/#breadcrumb"},"inLanguage":"et","potentialAction":[{"@type":"ReadAction","target":["https:\/\/stalla.ee\/pood\/toode\/mf4-mikrofiiber-kuivatusratik\/"]}]},{"@type":"ImageObject","inLanguage":"et","@id":"https:\/\/stalla.ee\/pood\/toode\/mf4-mikrofiiber-kuivatusratik\/#primaryimage","url":"https:\/\/stalla.ee\/pood\/wp-content\/uploads\/2024\/04\/mf4.webp","contentUrl":"https:\/\/stalla.ee\/pood\/wp-content\/uploads\/2024\/04\/mf4.webp","width":800,"height":641,"caption":"Mikrokiudlapp"},{"@type":"BreadcrumbList","@id":"https:\/\/stalla.ee\/pood\/toode\/mf4-mikrofiiber-kuivatusratik\/#breadcrumb","itemListElement":[{"@type":"ListItem","position":1,"name":"Esileht","item":"https:\/\/stalla.ee\/pood\/"},{"@type":"ListItem","position":2,"name":"Pood","item":"https:\/\/stalla.ee\/pood\/tooted\/"},{"@type":"ListItem","position":3,"name":"MF4 Mikrofiiber kuivatusr\u00e4tik"}]},{"@type":"WebSite","@id":"https:\/\/stalla.ee\/pood\/#website","url":"https:\/\/stalla.ee\/pood\/","name":"Stalla e-pood","description":"Pinnat\u00f6\u00f6tlus, salongi ja v\u00e4lihooldustarvikud","publisher":{"@id":"https:\/\/stalla.ee\/pood\/#organization"},"potentialAction":[{"@type":"SearchAction","target":{"@type":"EntryPoint","urlTemplate":"https:\/\/stalla.ee\/pood\/?s={search_term_string}"},"query-input":{"@type":"PropertyValueSpecification","valueRequired":true,"valueName":"search_term_string"}}],"inLanguage":"et"},{"@type":"Organization","@id":"https:\/\/stalla.ee\/pood\/#organization","name":"Stalla O\u00dc","url":"https:\/\/stalla.ee\/pood\/","logo":{"@type":"ImageObject","inLanguage":"et","@id":"https:\/\/stalla.ee\/pood\/#\/schema\/logo\/image\/","url":"https:\/\/stalla.ee\/pood\/wp-content\/uploads\/2024\/03\/Stalla_logo_ikoon_must.png","contentUrl":"https:\/\/stalla.ee\/pood\/wp-content\/uploads\/2024\/03\/Stalla_logo_ikoon_must.png","width":1200,"height":1092,"caption":"Stalla O\u00dc"},"image":{"@id":"https:\/\/stalla.ee\/pood\/#\/schema\/logo\/image\/"},"sameAs":["https:\/\/www.facebook.com\/stalla.eesti"]}]}},"_links":{"self":[{"href":"https:\/\/stalla.ee\/pood\/wp-json\/wp\/v2\/product\/640","targetHints":{"allow":["GET"]}}],"collection":[{"href":"https:\/\/stalla.ee\/pood\/wp-json\/wp\/v2\/product"}],"about":[{"href":"https:\/\/stalla.ee\/pood\/wp-json\/wp\/v2\/types\/product"}],"wp:featuredmedia":[{"embeddable":true,"href":"https:\/\/stalla.ee\/pood\/wp-json\/wp\/v2\/media\/641"}],"wp:attachment":[{"href":"https:\/\/stalla.ee\/pood\/wp-json\/wp\/v2\/media?parent=640"}],"wp:term":[{"taxonomy":"product_brand","embeddable":true,"href":"https:\/\/stalla.ee\/pood\/wp-json\/wp\/v2\/product_brand?post=640"},{"taxonomy":"product_cat","embeddable":true,"href":"https:\/\/stalla.ee\/pood\/wp-json\/wp\/v2\/product_cat?post=640"},{"taxonomy":"product_tag","embeddable":true,"href":"https:\/\/stalla.ee\/pood\/wp-json\/wp\/v2\/product_tag?post=640"}],"curies":[{"name":"wp","href":"https:\/\/api.w.org\/{rel}","templated":true}]}}