{"id":649,"date":"2024-04-07T09:34:05","date_gmt":"2024-04-07T06:34:05","guid":{"rendered":"https:\/\/stalla.ee\/pood\/?post_type=product&#038;p=649"},"modified":"2025-03-26T11:08:30","modified_gmt":"2025-03-26T09:08:30","slug":"plexiclick-v2","status":"publish","type":"product","link":"https:\/\/stalla.ee\/pood\/toode\/plexiclick-v2\/","title":{"rendered":"Plexiclick v2, numbrim\u00e4rgi hoidikud"},"content":{"rendered":"<p>Plexiclick on Saksamaal loodud numbrim\u00e4rkide hoidmiseks m\u00f5eldud klamber.<\/p>\n<p>Sobib 99% juhtudel juba olemasolevatesse aukudesse, kuhu tavaline numbrialus on juba sisse kruvitud.<\/p>\n<p>Testitud rasketes teeoludes ja suurtel kiirustel ning p\u00fcsib ilusti oma kohal ja number vahelt \u00e4ra ei tule.<\/p>\n<p>Minimalistliku disainiga, seega ei riiva silma.<\/p>\n<p>T\u00e4nu Plexiclickile on v\u00f5imalik numbrit kergesti eemaldada n\u00e4iteks auto pesuks v\u00f5i poleerimiseks<\/p>\n<p>Saadaval mustana ja l\u00e4bipaistvana.<\/p>\n<p>*\u00dches komplektis on 4 Plexiclicki, 4 kummist puhvrit ning 8 kruvi. Seega \u00fche komplektiga saab paigaldada kaks numbrim\u00e4rki.<\/p>\n<p>PS! Ei sobi USA-t\u00fc\u00fcpi numbrim\u00e4rkidele.<\/p>\n","protected":false},"excerpt":{"rendered":"<p>Numbrim\u00e4rgi kinnitus klamber, mis ei riiva silma.<\/p>\n","protected":false},"featured_media":651,"template":"","meta":[],"product_brand":[],"product_cat":[34],"product_tag":[],"class_list":{"0":"post-649","1":"product","2":"type-product","3":"status-publish","4":"has-post-thumbnail","6":"product_cat-tarvikud","7":"pa_kogus-1tk","8":"_wholesalex wsx-wholesalex-product","10":"first","11":"instock","12":"sale","13":"featured","14":"taxable","15":"shipping-taxable","16":"purchasable","17":"product-type-variable"},"yoast_head":"<!-- This site is optimized with the Yoast SEO plugin v24.5 - https:\/\/yoast.com\/wordpress\/plugins\/seo\/ -->\n<title>Plexiclick v2, numbrim\u00e4rgi hoidikud | Stalla e-pood<\/title>\n<meta name=\"robots\" content=\"index, follow, max-snippet:-1, max-image-preview:large, max-video-preview:-1\" \/>\n<link rel=\"canonical\" href=\"https:\/\/stalla.ee\/pood\/toode\/plexiclick-v2\/\" \/>\n<meta property=\"og:locale\" content=\"et_EE\" \/>\n<meta property=\"og:type\" content=\"article\" \/>\n<meta property=\"og:title\" content=\"Plexiclick v2, numbrim\u00e4rgi hoidikud | Stalla e-pood\" \/>\n<meta property=\"og:description\" content=\"Numbrim\u00e4rgi kinnitus klamber, mis ei riiva silma.\" \/>\n<meta property=\"og:url\" content=\"https:\/\/stalla.ee\/pood\/toode\/plexiclick-v2\/\" \/>\n<meta property=\"og:site_name\" content=\"Stalla e-pood\" \/>\n<meta property=\"article:publisher\" content=\"https:\/\/www.facebook.com\/stalla.eesti\" \/>\n<meta property=\"article:modified_time\" content=\"2025-03-26T09:08:30+00:00\" \/>\n<meta property=\"og:image\" content=\"https:\/\/stalla.ee\/pood\/wp-content\/uploads\/2024\/04\/oldplate.1.1.jpg.webp\" \/>\n\t<meta property=\"og:image:width\" content=\"2400\" \/>\n\t<meta property=\"og:image:height\" content=\"2400\" \/>\n\t<meta property=\"og:image:type\" content=\"image\/webp\" \/>\n<meta name=\"twitter:card\" content=\"summary_large_image\" \/>\n<meta name=\"twitter:label1\" content=\"Est. reading time\" \/>\n\t<meta name=\"twitter:data1\" content=\"1 minut\" \/>\n<script type=\"application\/ld+json\" class=\"yoast-schema-graph\">{\"@context\":\"https:\/\/schema.org\",\"@graph\":[{\"@type\":\"WebPage\",\"@id\":\"https:\/\/stalla.ee\/pood\/toode\/plexiclick-v2\/\",\"url\":\"https:\/\/stalla.ee\/pood\/toode\/plexiclick-v2\/\",\"name\":\"Plexiclick v2, numbrim\u00e4rgi hoidikud | Stalla e-pood\",\"isPartOf\":{\"@id\":\"https:\/\/stalla.ee\/pood\/#website\"},\"primaryImageOfPage\":{\"@id\":\"https:\/\/stalla.ee\/pood\/toode\/plexiclick-v2\/#primaryimage\"},\"image\":{\"@id\":\"https:\/\/stalla.ee\/pood\/toode\/plexiclick-v2\/#primaryimage\"},\"thumbnailUrl\":\"https:\/\/stalla.ee\/pood\/wp-content\/uploads\/2024\/04\/oldplate.1.1.jpg.webp\",\"datePublished\":\"2024-04-07T06:34:05+00:00\",\"dateModified\":\"2025-03-26T09:08:30+00:00\",\"breadcrumb\":{\"@id\":\"https:\/\/stalla.ee\/pood\/toode\/plexiclick-v2\/#breadcrumb\"},\"inLanguage\":\"et\",\"potentialAction\":[{\"@type\":\"ReadAction\",\"target\":[\"https:\/\/stalla.ee\/pood\/toode\/plexiclick-v2\/\"]}]},{\"@type\":\"ImageObject\",\"inLanguage\":\"et\",\"@id\":\"https:\/\/stalla.ee\/pood\/toode\/plexiclick-v2\/#primaryimage\",\"url\":\"https:\/\/stalla.ee\/pood\/wp-content\/uploads\/2024\/04\/oldplate.1.1.jpg.webp\",\"contentUrl\":\"https:\/\/stalla.ee\/pood\/wp-content\/uploads\/2024\/04\/oldplate.1.1.jpg.webp\",\"width\":2400,\"height\":2400},{\"@type\":\"BreadcrumbList\",\"@id\":\"https:\/\/stalla.ee\/pood\/toode\/plexiclick-v2\/#breadcrumb\",\"itemListElement\":[{\"@type\":\"ListItem\",\"position\":1,\"name\":\"Esileht\",\"item\":\"https:\/\/stalla.ee\/pood\/\"},{\"@type\":\"ListItem\",\"position\":2,\"name\":\"Pood\",\"item\":\"https:\/\/stalla.ee\/pood\/tooted\/\"},{\"@type\":\"ListItem\",\"position\":3,\"name\":\"Plexiclick v2, numbrim\u00e4rgi hoidikud\"}]},{\"@type\":\"WebSite\",\"@id\":\"https:\/\/stalla.ee\/pood\/#website\",\"url\":\"https:\/\/stalla.ee\/pood\/\",\"name\":\"Stalla e-pood\",\"description\":\"Pinnat\u00f6\u00f6tlus, salongi ja v\u00e4lihooldustarvikud\",\"publisher\":{\"@id\":\"https:\/\/stalla.ee\/pood\/#organization\"},\"potentialAction\":[{\"@type\":\"SearchAction\",\"target\":{\"@type\":\"EntryPoint\",\"urlTemplate\":\"https:\/\/stalla.ee\/pood\/?s={search_term_string}\"},\"query-input\":{\"@type\":\"PropertyValueSpecification\",\"valueRequired\":true,\"valueName\":\"search_term_string\"}}],\"inLanguage\":\"et\"},{\"@type\":\"Organization\",\"@id\":\"https:\/\/stalla.ee\/pood\/#organization\",\"name\":\"Stalla O\u00dc\",\"url\":\"https:\/\/stalla.ee\/pood\/\",\"logo\":{\"@type\":\"ImageObject\",\"inLanguage\":\"et\",\"@id\":\"https:\/\/stalla.ee\/pood\/#\/schema\/logo\/image\/\",\"url\":\"https:\/\/stalla.ee\/pood\/wp-content\/uploads\/2024\/03\/Stalla_logo_ikoon_must.png\",\"contentUrl\":\"https:\/\/stalla.ee\/pood\/wp-content\/uploads\/2024\/03\/Stalla_logo_ikoon_must.png\",\"width\":1200,\"height\":1092,\"caption\":\"Stalla O\u00dc\"},\"image\":{\"@id\":\"https:\/\/stalla.ee\/pood\/#\/schema\/logo\/image\/\"},\"sameAs\":[\"https:\/\/www.facebook.com\/stalla.eesti\"]}]}<\/script>\n<!-- \/ Yoast SEO plugin. -->","yoast_head_json":{"title":"Plexiclick v2, numbrim\u00e4rgi hoidikud | Stalla e-pood","robots":{"index":"index","follow":"follow","max-snippet":"max-snippet:-1","max-image-preview":"max-image-preview:large","max-video-preview":"max-video-preview:-1"},"canonical":"https:\/\/stalla.ee\/pood\/toode\/plexiclick-v2\/","og_locale":"et_EE","og_type":"article","og_title":"Plexiclick v2, numbrim\u00e4rgi hoidikud | Stalla e-pood","og_description":"Numbrim\u00e4rgi kinnitus klamber, mis ei riiva silma.","og_url":"https:\/\/stalla.ee\/pood\/toode\/plexiclick-v2\/","og_site_name":"Stalla e-pood","article_publisher":"https:\/\/www.facebook.com\/stalla.eesti","article_modified_time":"2025-03-26T09:08:30+00:00","og_image":[{"width":2400,"height":2400,"url":"https:\/\/stalla.ee\/pood\/wp-content\/uploads\/2024\/04\/oldplate.1.1.jpg.webp","type":"image\/webp"}],"twitter_card":"summary_large_image","twitter_misc":{"Est. reading time":"1 minut"},"schema":{"@context":"https:\/\/schema.org","@graph":[{"@type":"WebPage","@id":"https:\/\/stalla.ee\/pood\/toode\/plexiclick-v2\/","url":"https:\/\/stalla.ee\/pood\/toode\/plexiclick-v2\/","name":"Plexiclick v2, numbrim\u00e4rgi hoidikud | Stalla e-pood","isPartOf":{"@id":"https:\/\/stalla.ee\/pood\/#website"},"primaryImageOfPage":{"@id":"https:\/\/stalla.ee\/pood\/toode\/plexiclick-v2\/#primaryimage"},"image":{"@id":"https:\/\/stalla.ee\/pood\/toode\/plexiclick-v2\/#primaryimage"},"thumbnailUrl":"https:\/\/stalla.ee\/pood\/wp-content\/uploads\/2024\/04\/oldplate.1.1.jpg.webp","datePublished":"2024-04-07T06:34:05+00:00","dateModified":"2025-03-26T09:08:30+00:00","breadcrumb":{"@id":"https:\/\/stalla.ee\/pood\/toode\/plexiclick-v2\/#breadcrumb"},"inLanguage":"et","potentialAction":[{"@type":"ReadAction","target":["https:\/\/stalla.ee\/pood\/toode\/plexiclick-v2\/"]}]},{"@type":"ImageObject","inLanguage":"et","@id":"https:\/\/stalla.ee\/pood\/toode\/plexiclick-v2\/#primaryimage","url":"https:\/\/stalla.ee\/pood\/wp-content\/uploads\/2024\/04\/oldplate.1.1.jpg.webp","contentUrl":"https:\/\/stalla.ee\/pood\/wp-content\/uploads\/2024\/04\/oldplate.1.1.jpg.webp","width":2400,"height":2400},{"@type":"BreadcrumbList","@id":"https:\/\/stalla.ee\/pood\/toode\/plexiclick-v2\/#breadcrumb","itemListElement":[{"@type":"ListItem","position":1,"name":"Esileht","item":"https:\/\/stalla.ee\/pood\/"},{"@type":"ListItem","position":2,"name":"Pood","item":"https:\/\/stalla.ee\/pood\/tooted\/"},{"@type":"ListItem","position":3,"name":"Plexiclick v2, numbrim\u00e4rgi hoidikud"}]},{"@type":"WebSite","@id":"https:\/\/stalla.ee\/pood\/#website","url":"https:\/\/stalla.ee\/pood\/","name":"Stalla e-pood","description":"Pinnat\u00f6\u00f6tlus, salongi ja v\u00e4lihooldustarvikud","publisher":{"@id":"https:\/\/stalla.ee\/pood\/#organization"},"potentialAction":[{"@type":"SearchAction","target":{"@type":"EntryPoint","urlTemplate":"https:\/\/stalla.ee\/pood\/?s={search_term_string}"},"query-input":{"@type":"PropertyValueSpecification","valueRequired":true,"valueName":"search_term_string"}}],"inLanguage":"et"},{"@type":"Organization","@id":"https:\/\/stalla.ee\/pood\/#organization","name":"Stalla O\u00dc","url":"https:\/\/stalla.ee\/pood\/","logo":{"@type":"ImageObject","inLanguage":"et","@id":"https:\/\/stalla.ee\/pood\/#\/schema\/logo\/image\/","url":"https:\/\/stalla.ee\/pood\/wp-content\/uploads\/2024\/03\/Stalla_logo_ikoon_must.png","contentUrl":"https:\/\/stalla.ee\/pood\/wp-content\/uploads\/2024\/03\/Stalla_logo_ikoon_must.png","width":1200,"height":1092,"caption":"Stalla O\u00dc"},"image":{"@id":"https:\/\/stalla.ee\/pood\/#\/schema\/logo\/image\/"},"sameAs":["https:\/\/www.facebook.com\/stalla.eesti"]}]}},"_links":{"self":[{"href":"https:\/\/stalla.ee\/pood\/wp-json\/wp\/v2\/product\/649","targetHints":{"allow":["GET"]}}],"collection":[{"href":"https:\/\/stalla.ee\/pood\/wp-json\/wp\/v2\/product"}],"about":[{"href":"https:\/\/stalla.ee\/pood\/wp-json\/wp\/v2\/types\/product"}],"wp:featuredmedia":[{"embeddable":true,"href":"https:\/\/stalla.ee\/pood\/wp-json\/wp\/v2\/media\/651"}],"wp:attachment":[{"href":"https:\/\/stalla.ee\/pood\/wp-json\/wp\/v2\/media?parent=649"}],"wp:term":[{"taxonomy":"product_brand","embeddable":true,"href":"https:\/\/stalla.ee\/pood\/wp-json\/wp\/v2\/product_brand?post=649"},{"taxonomy":"product_cat","embeddable":true,"href":"https:\/\/stalla.ee\/pood\/wp-json\/wp\/v2\/product_cat?post=649"},{"taxonomy":"product_tag","embeddable":true,"href":"https:\/\/stalla.ee\/pood\/wp-json\/wp\/v2\/product_tag?post=649"}],"curies":[{"name":"wp","href":"https:\/\/api.w.org\/{rel}","templated":true}]}}